{"id":13,"date":"2017-02-23T15:20:56","date_gmt":"2017-02-23T12:20:56","guid":{"rendered":"http:\/\/hotelanatolia.com\/?page_id=13"},"modified":"2018-05-17T15:11:24","modified_gmt":"2018-05-17T12:11:24","slug":"galeri","status":"publish","type":"page","link":"https:\/\/hotelanatolia.com\/en_us\/galeri\/","title":{"rendered":"GALLERY"},"content":{"rendered":"<p><section   class=\"fw-main-row-custom fw-main-row-top fw-section-no-padding  fw_theme_bg_fw-custom fw-section-image fw-section-height-custom  fw-section-position-back tf-sh-0427b7c6c59618cbd33a2e564bb5cafc\"  style=\" background-image:url(\/\/hotelanatolia.com\/wp-content\/uploads\/2018\/05\/galeri-header.jpg); background-repeat: no-repeat; background-position: center top; background-size: cover; height: 560px;\"  >\n\t\t\t<div class=\"fw-container-fluid\" >\n\t\t<div class=\"fw-row\">\n\t<div id=\"column-69dec5d6bc84a\" class=\"fw-col-sm-12 tf-sh-18b8432e0468f1415a3ae419b7822d33  fw-animated-element fw-col-no-padding\" data-animation-type=\"fadeInUp\" data-animation-delay=\"300\">\n\t<div class=\"fw-wrap-col-inner clearfix\"   >\n\t\t\t\t<div class=\"fw-col-inner\">\n\t\t\t<div class=\"fw-heading fw-heading-center  fw-heading-with-subtitle tf-sh-277ab0ddd26e64a702509b6a58d9f9c2\" >\n\t\t\t<h1 class=\"fw-special-title\">Bursa'ya hakimiz<\/h1>\n\t\n\t\n\t\t\t<div class=\"fw-special-subtitle\">Merkezi lokasyonumuz ile Bursa'n\u0131n t\u00fcm g\u00fczelliklerine hakimiz<\/div>\n\t<\/div>\t\t<\/div>\n\t<\/div>\n<\/div><\/div>\n\n\t<\/div>\n\t<\/section><section   class=\"fw-main-row-custom fw-section-no-padding  auto  fw-section-position-back tf-sh-2a24729400113cf7c2ac056d488aacd5\"    >\n\t\t\t<div class=\"fw-container\" >\n\t\t<div class=\"fw-row\">\n\t<div id=\"column-69dec5d6bd8d5\" class=\"fw-col-sm-12 tf-sh-3577f77f733188f01f6858a5183142de\" >\n\t<div class=\"fw-wrap-col-inner clearfix\"   >\n\t\t\t\t<div class=\"fw-col-inner\">\n\t\t\t<div class=\"fw-divider-space  fw-custom-space  fw-mobile-hide-element clearfix\" style=\"height:140px;\" ><\/div>\t\t<\/div>\n\t<\/div>\n<\/div><\/div>\n\n<div class=\"fw-row\">\n\t<div id=\"column-69dec5d6be30c\" class=\"fw-col-sm-6 tf-sh-2640582917a35ea2bf1157b4e533c650  fw-animated-element\" data-animation-type=\"fadeInUp\" data-animation-delay=\"300\">\n\t<div class=\"fw-wrap-col-inner clearfix\"   >\n\t\t\t\t<div class=\"fw-col-inner\">\n\t\t\t<div class=\"fw-text-box tf-sh-78b4e860daee041c1597fa210a9e937b\" >\n\t<div class=\"fw-text-inner\">\n\t\t<p>Uluda\u011f'\u0131n eteklerinde gerek do\u011fas\u0131 gerekse tarihi ile g\u00f6z dolduran Bursa'n\u0131n en \u00f6zel lokasyonunda se\u00e7kin bir konaklama sizleri bekliyor.<\/p>\n\t<\/div>\n<\/div>\t\t<\/div>\n\t<\/div>\n<\/div><div id=\"column-69dec5d6beaac\" class=\"fw-col-sm-6 tf-sh-b931951f8c038257a5db646a6eb35c8b  fw-animated-element\" data-animation-type=\"fadeInUp\" data-animation-delay=\"500\">\n\t<div class=\"fw-wrap-col-inner clearfix\"   >\n\t\t\t\t<div class=\"fw-col-inner\">\n\t\t\t<div class=\"fw-text-box tf-sh-4cee54d4aa7d4a1a17ff1d5912f11293\" >\n\t<div class=\"fw-text-inner\">\n\t\t<p>K\u0131\u015flar\u0131 Uluda\u011f'\u0131n, yazlar\u0131 ye\u015fil Bursa'n\u0131n \u0131\u015f\u0131l \u0131\u015f\u0131l her an\u0131, Hotel Anatolia'da sizleri bekliyor. Lezzetli yemekler, sohbet dolu ak\u015famlar ve konforlu konaklamas\u0131 ile Hotel Anatolia size iyi gelecek.<\/p>\n\t<\/div>\n<\/div>\t\t<\/div>\n\t<\/div>\n<\/div><\/div>\n\n<div class=\"fw-row\">\n\t<div id=\"column-69dec5d6bf8b0\" class=\"fw-col-sm-12 tf-sh-7e4898b680939314dc22a9aae3e0f156\" >\n\t<div class=\"fw-wrap-col-inner clearfix\"   >\n\t\t\t\t<div class=\"fw-col-inner\">\n\t\t\t<div class=\"fw-divider-space  fw-custom-space  fw-mobile-hide-element clearfix\" style=\"height:110px;\" ><\/div>\t\t<\/div>\n\t<\/div>\n<\/div><\/div>\n\n\t<\/div>\n\t<\/section><section   class=\"fw-main-row-custom fw-section-no-padding  auto  fw-section-position-back tf-sh-2babae241393f69db9472d80dd979b13\"    >\n\t\t\t<div class=\"fw-container\" >\n\t\t<div class=\"fw-row\">\n\t<div id=\"column-69dec5d6c0f5a\" class=\"fw-col-sm-12 tf-sh-839e28127b34f93ecdc1f6e0790dd765 portfolio fw-col-no-padding\" >\n\t<div class=\"fw-wrap-col-inner clearfix\"   >\n\t\t\t\t<div class=\"fw-col-inner\">\n\t\t\t<div class=\"fw-col-inner\">\n\t<div class=\"tf-sh-e684a7ab4d8653e3ca5e129537e8486e fw-portfolio fw-portfolio-1 fw-portfolio-cols-3 fw-portfolio-content-position-middle fw-portfolio-content-align-center  fw-animated-element fw-portfolio-landscape\"  data-animation-type=\"fadeInUp\" data-animation-delay=\"300\" data-posts-per-page=\"12\" data-page=\"2\" data-max-pages=\"1\" data-type=\"style1\" data-category=\"7\" data-extra=''>\n\t\t<div class=\"fw-portfolio-filter\">\n                <ul id=\"fw-portfolio-filter-69dec5d6c174f\" class=\"portfolio_filter\" data-isotope=\"1\" data-list-id=\"fw-portfolio-list-69dec5d6c174f\"><li class=\"categories-item active\" data-category=\"tumu\"><a href=\"#\">T\u00dcM\u00dc<\/a><\/li><li class=\"categories-item\" data-category=\"lobi\"><a href=\"#\">LOBI<\/a><\/li><li class=\"categories-item\" data-category=\"odalar\"><a href=\"#\">ROOMS<\/a><\/li><li class=\"categories-item\" data-category=\"restoran-bar\"><a href=\"#\">RESTORAN & BAR<\/a><\/li><\/ul>\n                <a class=\"prev\" id=\"fw-portfolio-filter-69dec5d6c174f-prev\" href=\"#\"><i class=\"fa\"><\/i><\/a>\n                <a class=\"next\" id=\"fw-portfolio-filter-69dec5d6c174f-next\" href=\"#\"><i class=\"fa\"><\/i><\/a>\n            <\/div>\t\t\t\t\t<div class=\"row fw-portfolio-wrapper\">\n\t\t\t\t<ul id=\"fw-portfolio-list-69dec5d6c174f\" class=\"fw-portfolio-list clearfix\" data-columns-number=\"3\">\n\t\t\t\t\t<li data-category=\"lobi, tumu, \" class=\"fw-portfolio-list-item\">\n\t<div class=\"fw-block-image-parent fw-portfolio-image fw-overlay-3\">\n\t\t<div class=\"fw-block-image-child fw-ratio-container fw-ratio-16-9\" data-portfolio-href=\"https:\/\/hotelanatolia.com\/en_us\/project\/otel-gorunumu\/\">\n\t\t\t<noscript itemscope itemtype=\"https:\/\/schema.org\/ImageObject\" itemprop=\"image\"><img decoding=\"async\" src=\"https:\/\/hotelanatolia.com\/wp-content\/uploads\/2017\/03\/anatolia-hotel-16.jpg\"  alt=\"anatolia-hotel\" data-maxdpr=\"1.7\" class=\"attachment-post-thumbnail lazyload\" \/><meta itemprop=\"url\" content=\"https:\/\/hotelanatolia.com\/wp-content\/uploads\/2017\/03\/anatolia-hotel-16.jpg\"><meta itemprop=\"width\" content=\"1800\"><meta itemprop=\"height\" content=\"1199\"><\/noscript><img decoding=\"async\" src=\"data:image\/gif;base64,R0lGODlhAQABAIAAAAAAAP\/\/\/yH5BAEAAAAALAAAAAABAAEAAAIBRAA7\" data-sizes=\"auto\" data-srcset=\"https:\/\/hotelanatolia.com\/wp-content\/uploads\/2017\/03\/anatolia-hotel-16-1228x691.jpg 1228w, https:\/\/hotelanatolia.com\/wp-content\/uploads\/2017\/03\/anatolia-hotel-16-614x346.jpg 614w, https:\/\/hotelanatolia.com\/wp-content\/uploads\/2017\/03\/anatolia-hotel-16-295x166.jpg 295w, https:\/\/hotelanatolia.com\/wp-content\/uploads\/2017\/03\/anatolia-hotel-16-590x332.jpg 590w\"   alt=\"anatolia-hotel\" data-maxdpr=\"1.7\" class=\"attachment-post-thumbnail lazyload\" \/>\t\t\t<div class=\"fw-block-image-overlay\">\n\t\t\t\t<div class=\"fw-itable\">\n\t\t\t\t\t<div class=\"fw-icell\">\n\t\t\t\t\t\t<div class=\"fw-overlay-title\">\n\t\t\t\t\t\t\tOtel G\u00f6r\u00fcn\u00fcm\u00fc\t\t\t\t\t\t<\/div>\n\t\t\t\t\t\t<div class=\"fw-overlay-description\">\n\t\t\t\t\t\t\t<p>GENEL<\/p>\n\t\t\t\t\t\t<\/div>\n\t\t\t\t\t<\/div>\n\t\t\t\t<\/div>\n\t\t\t<\/div>\n\t\t<\/div>\n\t<\/div>\n<\/li><li data-category=\"lobi, tumu, \" class=\"fw-portfolio-list-item\">\n\t<div class=\"fw-block-image-parent fw-portfolio-image fw-overlay-3\">\n\t\t<div class=\"fw-block-image-child fw-ratio-container fw-ratio-16-9\" data-portfolio-href=\"https:\/\/hotelanatolia.com\/en_us\/project\/otel-giris\/\">\n\t\t\t<noscript itemscope itemtype=\"https:\/\/schema.org\/ImageObject\" itemprop=\"image\"><img decoding=\"async\" src=\"https:\/\/hotelanatolia.com\/wp-content\/uploads\/2018\/05\/lobby-3.jpg\"  alt=\"lobby\" data-maxdpr=\"1.7\" class=\"attachment-post-thumbnail lazyload\" \/><meta itemprop=\"url\" content=\"https:\/\/hotelanatolia.com\/wp-content\/uploads\/2018\/05\/lobby-3.jpg\"><meta itemprop=\"width\" content=\"1797\"><meta itemprop=\"height\" content=\"1200\"><\/noscript><img decoding=\"async\" src=\"data:image\/gif;base64,R0lGODlhAQABAIAAAAAAAP\/\/\/yH5BAEAAAAALAAAAAABAAEAAAIBRAA7\" data-sizes=\"auto\" data-srcset=\"https:\/\/hotelanatolia.com\/wp-content\/uploads\/2018\/05\/lobby-3-1228x691.jpg 1228w, https:\/\/hotelanatolia.com\/wp-content\/uploads\/2018\/05\/lobby-3-614x346.jpg 614w, https:\/\/hotelanatolia.com\/wp-content\/uploads\/2018\/05\/lobby-3-295x166.jpg 295w, https:\/\/hotelanatolia.com\/wp-content\/uploads\/2018\/05\/lobby-3-590x332.jpg 590w\"   alt=\"lobby\" data-maxdpr=\"1.7\" class=\"attachment-post-thumbnail lazyload\" \/>\t\t\t<div class=\"fw-block-image-overlay\">\n\t\t\t\t<div class=\"fw-itable\">\n\t\t\t\t\t<div class=\"fw-icell\">\n\t\t\t\t\t\t<div class=\"fw-overlay-title\">\n\t\t\t\t\t\t\tOtel Giri\u015f\t\t\t\t\t\t<\/div>\n\t\t\t\t\t\t<div class=\"fw-overlay-description\">\n\t\t\t\t\t\t\t<p>RESEPS\u0130YON<\/p>\n\t\t\t\t\t\t<\/div>\n\t\t\t\t\t<\/div>\n\t\t\t\t<\/div>\n\t\t\t<\/div>\n\t\t<\/div>\n\t<\/div>\n<\/li><li data-category=\"odalar, tumu, \" class=\"fw-portfolio-list-item\">\n\t<div class=\"fw-block-image-parent fw-portfolio-image fw-overlay-3\">\n\t\t<div class=\"fw-block-image-child fw-ratio-container fw-ratio-16-9\" data-portfolio-href=\"https:\/\/hotelanatolia.com\/en_us\/project\/executive-oda\/\">\n\t\t\t<noscript itemscope itemtype=\"https:\/\/schema.org\/ImageObject\" itemprop=\"image\"><img decoding=\"async\" src=\"https:\/\/hotelanatolia.com\/wp-content\/uploads\/2018\/05\/executiv-oda-8.jpg\"  alt=\"executiv-oda\" data-maxdpr=\"1.7\" class=\"attachment-post-thumbnail lazyload\" \/><meta itemprop=\"url\" content=\"https:\/\/hotelanatolia.com\/wp-content\/uploads\/2018\/05\/executiv-oda-8.jpg\"><meta itemprop=\"width\" content=\"1800\"><meta itemprop=\"height\" content=\"1200\"><\/noscript><img decoding=\"async\" src=\"data:image\/gif;base64,R0lGODlhAQABAIAAAAAAAP\/\/\/yH5BAEAAAAALAAAAAABAAEAAAIBRAA7\" data-sizes=\"auto\" data-srcset=\"https:\/\/hotelanatolia.com\/wp-content\/uploads\/2018\/05\/executiv-oda-8-1228x691.jpg 1228w, https:\/\/hotelanatolia.com\/wp-content\/uploads\/2018\/05\/executiv-oda-8-614x346.jpg 614w, https:\/\/hotelanatolia.com\/wp-content\/uploads\/2018\/05\/executiv-oda-8-295x166.jpg 295w, https:\/\/hotelanatolia.com\/wp-content\/uploads\/2018\/05\/executiv-oda-8-590x332.jpg 590w\"   alt=\"executiv-oda\" data-maxdpr=\"1.7\" class=\"attachment-post-thumbnail lazyload\" \/>\t\t\t<div class=\"fw-block-image-overlay\">\n\t\t\t\t<div class=\"fw-itable\">\n\t\t\t\t\t<div class=\"fw-icell\">\n\t\t\t\t\t\t<div class=\"fw-overlay-title\">\n\t\t\t\t\t\t\tExecutive Oda\t\t\t\t\t\t<\/div>\n\t\t\t\t\t\t<div class=\"fw-overlay-description\">\n\t\t\t\t\t\t\t<p>1985 FLOOR<\/p>\n\t\t\t\t\t\t<\/div>\n\t\t\t\t\t<\/div>\n\t\t\t\t<\/div>\n\t\t\t<\/div>\n\t\t<\/div>\n\t<\/div>\n<\/li><li data-category=\"odalar, tumu, \" class=\"fw-portfolio-list-item\">\n\t<div class=\"fw-block-image-parent fw-portfolio-image fw-overlay-3\">\n\t\t<div class=\"fw-block-image-child fw-ratio-container fw-ratio-16-9\" data-portfolio-href=\"https:\/\/hotelanatolia.com\/en_us\/project\/dag-sehir\/\">\n\t\t\t<noscript itemscope itemtype=\"https:\/\/schema.org\/ImageObject\" itemprop=\"image\"><img decoding=\"async\" src=\"https:\/\/hotelanatolia.com\/wp-content\/uploads\/2021\/10\/executive-oda-2.jpg\"  alt=\"executive oda\" data-maxdpr=\"1.7\" class=\"attachment-post-thumbnail lazyload\" \/><meta itemprop=\"url\" content=\"https:\/\/hotelanatolia.com\/wp-content\/uploads\/2021\/10\/executive-oda-2.jpg\"><meta itemprop=\"width\" content=\"1797\"><meta itemprop=\"height\" content=\"1200\"><\/noscript><img decoding=\"async\" src=\"data:image\/gif;base64,R0lGODlhAQABAIAAAAAAAP\/\/\/yH5BAEAAAAALAAAAAABAAEAAAIBRAA7\" data-sizes=\"auto\" data-srcset=\"https:\/\/hotelanatolia.com\/wp-content\/uploads\/2021\/10\/executive-oda-2-1228x691.jpg 1228w, https:\/\/hotelanatolia.com\/wp-content\/uploads\/2021\/10\/executive-oda-2-614x346.jpg 614w, https:\/\/hotelanatolia.com\/wp-content\/uploads\/2021\/10\/executive-oda-2-295x166.jpg 295w, https:\/\/hotelanatolia.com\/wp-content\/uploads\/2021\/10\/executive-oda-2-590x332.jpg 590w\"   alt=\"executive oda\" data-maxdpr=\"1.7\" class=\"attachment-post-thumbnail lazyload\" \/>\t\t\t<div class=\"fw-block-image-overlay\">\n\t\t\t\t<div class=\"fw-itable\">\n\t\t\t\t\t<div class=\"fw-icell\">\n\t\t\t\t\t\t<div class=\"fw-overlay-title\">\n\t\t\t\t\t\t\tDa\u011f &#8211; \u015eehir\t\t\t\t\t\t<\/div>\n\t\t\t\t\t\t<div class=\"fw-overlay-description\">\n\t\t\t\t\t\t\t<p>MANZARALI ODA<\/p>\n\t\t\t\t\t\t<\/div>\n\t\t\t\t\t<\/div>\n\t\t\t\t<\/div>\n\t\t\t<\/div>\n\t\t<\/div>\n\t<\/div>\n<\/li><li data-category=\"odalar, tumu, \" class=\"fw-portfolio-list-item\">\n\t<div class=\"fw-block-image-parent fw-portfolio-image fw-overlay-3\">\n\t\t<div class=\"fw-block-image-child fw-ratio-container fw-ratio-16-9\" data-portfolio-href=\"https:\/\/hotelanatolia.com\/en_us\/project\/aile-odasi\/\">\n\t\t\t<noscript itemscope itemtype=\"https:\/\/schema.org\/ImageObject\" itemprop=\"image\"><img decoding=\"async\" src=\"https:\/\/hotelanatolia.com\/wp-content\/uploads\/2021\/10\/executive-oda-10.jpg\"  alt=\"executive oda\" data-maxdpr=\"1.7\" class=\"attachment-post-thumbnail lazyload\" \/><meta itemprop=\"url\" content=\"https:\/\/hotelanatolia.com\/wp-content\/uploads\/2021\/10\/executive-oda-10.jpg\"><meta itemprop=\"width\" content=\"1797\"><meta itemprop=\"height\" content=\"1200\"><\/noscript><img decoding=\"async\" src=\"data:image\/gif;base64,R0lGODlhAQABAIAAAAAAAP\/\/\/yH5BAEAAAAALAAAAAABAAEAAAIBRAA7\" data-sizes=\"auto\" data-srcset=\"https:\/\/hotelanatolia.com\/wp-content\/uploads\/2021\/10\/executive-oda-10-1228x691.jpg 1228w, https:\/\/hotelanatolia.com\/wp-content\/uploads\/2021\/10\/executive-oda-10-614x346.jpg 614w, https:\/\/hotelanatolia.com\/wp-content\/uploads\/2021\/10\/executive-oda-10-295x166.jpg 295w, https:\/\/hotelanatolia.com\/wp-content\/uploads\/2021\/10\/executive-oda-10-590x332.jpg 590w\"   alt=\"executive oda\" data-maxdpr=\"1.7\" class=\"attachment-post-thumbnail lazyload\" \/>\t\t\t<div class=\"fw-block-image-overlay\">\n\t\t\t\t<div class=\"fw-itable\">\n\t\t\t\t\t<div class=\"fw-icell\">\n\t\t\t\t\t\t<div class=\"fw-overlay-title\">\n\t\t\t\t\t\t\tAile Odas\u0131\t\t\t\t\t\t<\/div>\n\t\t\t\t\t\t<div class=\"fw-overlay-description\">\n\t\t\t\t\t\t\t<p>A\u0130LECEK KONFOR<\/p>\n\t\t\t\t\t\t<\/div>\n\t\t\t\t\t<\/div>\n\t\t\t\t<\/div>\n\t\t\t<\/div>\n\t\t<\/div>\n\t<\/div>\n<\/li><li data-category=\"restoran-bar, tumu, \" class=\"fw-portfolio-list-item\">\n\t<div class=\"fw-block-image-parent fw-portfolio-image fw-overlay-3\">\n\t\t<div class=\"fw-block-image-child fw-ratio-container fw-ratio-16-9\" data-portfolio-href=\"https:\/\/hotelanatolia.com\/en_us\/project\/bar-restoran\/\">\n\t\t\t<noscript itemscope itemtype=\"https:\/\/schema.org\/ImageObject\" itemprop=\"image\"><img decoding=\"async\" src=\"https:\/\/hotelanatolia.com\/wp-content\/uploads\/2018\/05\/lounge-bar-1.jpg\"  alt=\"lounge-bar (1)\" data-maxdpr=\"1.7\" class=\"attachment-post-thumbnail lazyload\" \/><meta itemprop=\"url\" content=\"https:\/\/hotelanatolia.com\/wp-content\/uploads\/2018\/05\/lounge-bar-1.jpg\"><meta itemprop=\"width\" content=\"1799\"><meta itemprop=\"height\" content=\"1200\"><\/noscript><img decoding=\"async\" src=\"data:image\/gif;base64,R0lGODlhAQABAIAAAAAAAP\/\/\/yH5BAEAAAAALAAAAAABAAEAAAIBRAA7\" data-sizes=\"auto\" data-srcset=\"https:\/\/hotelanatolia.com\/wp-content\/uploads\/2018\/05\/lounge-bar-1-1228x691.jpg 1228w, https:\/\/hotelanatolia.com\/wp-content\/uploads\/2018\/05\/lounge-bar-1-614x346.jpg 614w, https:\/\/hotelanatolia.com\/wp-content\/uploads\/2018\/05\/lounge-bar-1-295x166.jpg 295w, https:\/\/hotelanatolia.com\/wp-content\/uploads\/2018\/05\/lounge-bar-1-590x332.jpg 590w\"   alt=\"lounge-bar (1)\" data-maxdpr=\"1.7\" class=\"attachment-post-thumbnail lazyload\" \/>\t\t\t<div class=\"fw-block-image-overlay\">\n\t\t\t\t<div class=\"fw-itable\">\n\t\t\t\t\t<div class=\"fw-icell\">\n\t\t\t\t\t\t<div class=\"fw-overlay-title\">\n\t\t\t\t\t\t\tBar &#8211; Restoran\t\t\t\t\t\t<\/div>\n\t\t\t\t\t\t<div class=\"fw-overlay-description\">\n\t\t\t\t\t\t\t<p>1985 LOUNGE BAR<\/p>\n\t\t\t\t\t\t<\/div>\n\t\t\t\t\t<\/div>\n\t\t\t\t<\/div>\n\t\t\t<\/div>\n\t\t<\/div>\n\t<\/div>\n<\/li>\t\t\t\t<\/ul>\n\t\t\t<\/div>\n\n\t\t\t\n\t\t\t<\/div><!-- \/.fw-portfolio -->\n<\/div>\n<div class=\"text-center\">\t<a href=\"https:\/\/hotel-anatolia.hotelrunner.com\/bv2\/search\" target=\"_self\" class=\"fw-btn tf-sh-e9c06603050a716cc5cfac9afdda4e62  fw-btn-lg   fw-animated-element fw-btn-1\"  data-animation-type=\"fadeInUp\" data-animation-delay=\"300\" style=\"\">\n\t\t<span >\n\t\t\tRESERVATION\t\t<\/span>\n\t<\/a>\n<\/div><div class=\"fw-divider-space  fw-custom-space  fw-tablet-hide-element clearfix\" style=\"height:75px;\" ><\/div>\t\t<\/div>\n\t<\/div>\n<\/div><\/div>\n\n\t<\/div>\n\t<\/section><section   class=\"fw-main-row-custom fw-section-no-padding  auto  fw-mobile-hide-element fw-section-position-back tf-sh-b85e0b3802fe759c4058aaf42337b5fb\"    >\n\t\t\t<div class=\"fw-container\" >\n\t\t<div class=\"fw-row\">\n\t<div id=\"column-69dec5d6cc9da\" class=\"fw-col-sm-12 tf-sh-47b3269f932dad3d0ffd670b29c5df43\" >\n\t<div class=\"fw-wrap-col-inner clearfix\"   >\n\t\t\t\t<div class=\"fw-col-inner\">\n\t\t\t<div class=\"fw-divider-space  fw-custom-space  clearfix\" style=\"height:180px;\" ><\/div>\t\t<\/div>\n\t<\/div>\n<\/div><\/div>\n\n\t<\/div>\n\t<\/section><\/p>","protected":false},"excerpt":{"rendered":"","protected":false},"author":1,"featured_media":0,"parent":0,"menu_order":0,"comment_status":"closed","ping_status":"closed","template":"visual-builder-template.php","meta":{"om_disable_all_campaigns":false,"footnotes":""},"class_list":["post-13","page","type-page","status-publish","hentry"],"aioseo_notices":[],"brizy_media":[],"_links":{"self":[{"href":"https:\/\/hotelanatolia.com\/en_us\/wp-json\/wp\/v2\/pages\/13","targetHints":{"allow":["GET"]}}],"collection":[{"href":"https:\/\/hotelanatolia.com\/en_us\/wp-json\/wp\/v2\/pages"}],"about":[{"href":"https:\/\/hotelanatolia.com\/en_us\/wp-json\/wp\/v2\/types\/page"}],"author":[{"embeddable":true,"href":"https:\/\/hotelanatolia.com\/en_us\/wp-json\/wp\/v2\/users\/1"}],"replies":[{"embeddable":true,"href":"https:\/\/hotelanatolia.com\/en_us\/wp-json\/wp\/v2\/comments?post=13"}],"version-history":[{"count":0,"href":"https:\/\/hotelanatolia.com\/en_us\/wp-json\/wp\/v2\/pages\/13\/revisions"}],"wp:attachment":[{"href":"https:\/\/hotelanatolia.com\/en_us\/wp-json\/wp\/v2\/media?parent=13"}],"curies":[{"name":"wp","href":"https:\/\/api.w.org\/{rel}","templated":true}]}}