{"id":1381,"date":"2020-01-23T13:01:18","date_gmt":"2020-01-23T10:01:18","guid":{"rendered":"http:\/\/hotelanatolia.com\/?page_id=1381"},"modified":"2024-05-17T17:18:48","modified_gmt":"2024-05-17T14:18:48","slug":"6698-sayili-kisisel-verilerin-korunmasi-kanunu-aydinlatma-metni","status":"publish","type":"page","link":"https:\/\/hotelanatolia.com\/en_us\/about\/6698-sayili-kisisel-verilerin-korunmasi-kanunu-aydinlatma-metni\/","title":{"rendered":"6698 Say\u0131l\u0131 Ki\u015fisel Verilerin Korunmas\u0131 Kanunu Ayd\u0131nlatma Metni"},"content":{"rendered":"<p><strong>Marmara Otelcilik Anonim \u015eirketi <\/strong>(bundan b\u00f6yle \u201c<strong>HOTEL ANATOL\u0130A\u201d<\/strong> olarak ifade edilecektir) olarak 6698 say\u0131l\u0131 Ki\u015fisel Verilerin Korunmas\u0131 Kanunu (\u201cKVKK\u201d) ile ilgili mevzuat ve yasal d\u00fczenlemelerden kaynaklanan faaliyetlerimiz \u00e7er\u00e7evesinde ki\u015fisel verilerinizin i\u015flenmesi, saklanmas\u0131 ve aktar\u0131lmas\u0131na ili\u015fkin veri sahibi ilgili ki\u015fileri ayd\u0131nlatmak amac\u0131yla i\u015fbu Ki\u015fisel Verilerin \u0130\u015flenmesi Ayd\u0131nlatma Metni\u2019ni (\u201cAyd\u0131nlatma Metni\u201d) haz\u0131rlad\u0131k.<\/p>\n<p>Ayd\u0131nlatma Metni, <strong>HOTEL ANATOL\u0130A<\/strong> taraf\u0131ndan yay\u0131mland\u0131\u011f\u0131 tarih itibariyle ge\u00e7erli olacakt\u0131r. <strong>HOTEL ANATOL\u0130A<\/strong> Ayd\u0131nlatma Metninde gerekli oldu\u011fu takdirde her zaman de\u011fi\u015fiklik yapabilir.<\/p>\n<p><strong>\u0130lgili Ki\u015filer: <\/strong><strong>Hizmet Alan Ki\u015fi (M\u00fc\u015fteri\/M\u00fc\u015fteri Aday\u0131)<\/strong><\/p>\n<table width=\"1094\">\n<tbody>\n<tr>\n<td width=\"93\"><strong>Veri Kategorisi<\/strong><\/td>\n<td width=\"151\"><strong>\u0130\u015flenen Ki\u015fisel Veriler<\/strong><\/td>\n<td width=\"312\"><strong>Ki\u015fisel Verinin \u0130\u015flenme Ama\u00e7lar\u0131<\/strong><\/td>\n<td width=\"312\"><strong>Ki\u015fisel Verilerin \u0130\u015flenmesinin Hukuki Sebepleri<\/strong><\/td>\n<td width=\"227\"><strong>Ki\u015fisel Verilerin Toplanma Y\u00f6ntemleri<\/strong><\/p>\n<p><strong>\u00a0<\/strong><\/td>\n<\/tr>\n<tr>\n<td width=\"93\">Kimlik Verileri<\/td>\n<td width=\"151\">Ad\u0131, Soyad\u0131, \u0130mza, T.C. Kimlik No\/ Vergi Numaras\u0131<\/td>\n<td width=\"312\">Finans ve Muhasebe \u0130\u015flerinin Y\u00fcr\u00fct\u00fclmesi, Lojistik Faaliyetlerinin Y\u00fcr\u00fct\u00fclmesi, Faaliyetlerin Mevzuata Uygun Y\u00fcr\u00fct\u00fclmesi, S\u00f6zle\u015fme S\u00fcre\u00e7lerinin Y\u00fcr\u00fct\u00fclmesi, Fiziksel Mek\u00e2n G\u00fcvenli\u011finin Temini, Taleplerinizin De\u011ferlendirilmesi, Yetkili Ki\u015fi, Kurum Ve Kurulu\u015flara Bilgi Verilmesi, Y\u00f6netim Faaliyetlerinin Y\u00fcr\u00fct\u00fclmesi, Hukuk \u0130\u015flerinin Takibi Ve Y\u00fcr\u00fct\u00fclmesi, Organizasyon Ve Etkinlik Y\u00f6netimi.<\/td>\n<td width=\"312\">6102 Say\u0131l\u0131 T\u00fcrk Ticaret Kanunu,<\/p>\n<p>4857 Say\u0131l\u0131 \u0130\u015f Kanunu,<\/p>\n<p>6331 Say\u0131l\u0131 \u0130\u015f Sa\u011fl\u0131\u011f\u0131 ve G\u00fcvenli\u011fi Kanunu,<\/p>\n<p>5510 Say\u0131l\u0131 Sosyal Sigortalar ve GSS Kanunu,<\/p>\n<p>213 Say\u0131l\u0131 Vergi Usul Kanunu,<\/p>\n<p>6698 Say\u0131l\u0131 Ki\u015fisel Verilerin Korunmas\u0131 Kanunu,<\/p>\n<p>5\/2-c- Bir s\u00f6zle\u015fmenin kurulmas\u0131 veya ifas\u0131yla do\u011frudan do\u011fruya ilgili olmas\u0131 kayd\u0131yla, s\u00f6zle\u015fmenin taraflar\u0131na ait ki\u015fisel verilerin i\u015flenmesinin gerekli olmas\u0131,<\/p>\n<p>5\/2-\u00e7- Veri sorumlusunun hukuki y\u00fck\u00fcml\u00fcl\u00fc\u011f\u00fcn\u00fc yerine getirebilmesi i\u00e7in zorunlu olmas\u0131,<\/p>\n<p>5\/2-e- Bir hakk\u0131n tesisi, kullan\u0131lmas\u0131 veya korunmas\u0131 i\u00e7in veri i\u015flemenin zorunlu olmas\u0131.<\/td>\n<td width=\"227\">Kimlik bilgileriniz; e-posta, telefon, s\u00f6zle\u015fmeler ve beyan edilen belgeler yoluyla toplanmaktad\u0131r.<\/td>\n<\/tr>\n<tr>\n<td width=\"93\">\u0130leti\u015fim Verileri<\/td>\n<td width=\"151\">Adres, E-Posta, Telefon No.<\/td>\n<td width=\"312\">Faaliyetlerin Mevzuata Uygun Y\u00fcr\u00fct\u00fclmesi, Finans ve Muhasebe \u0130\u015flerinin Y\u00fcr\u00fct\u00fclmesi, S\u00f6zle\u015fme S\u00fcre\u00e7lerinin Y\u00fcr\u00fct\u00fclmesi, Taleplerinizin De\u011ferlendirilmesi, \u0130leti\u015fim Faaliyetlerinin Y\u00fcr\u00fct\u00fclmesi, Yetkili Ki\u015fi, Kurum Ve Kurulu\u015flara Bilgi Verilmesi, Y\u00f6netim Faaliyetlerinin Y\u00fcr\u00fct\u00fclmesi, Hukuk \u0130\u015flerinin Takibi Ve Y\u00fcr\u00fct\u00fclmesi, Organizasyon Ve Etkinlik Y\u00f6netimi.<\/td>\n<td width=\"312\">6102 Say\u0131l\u0131 T\u00fcrk Ticaret Kanunu,<\/p>\n<p>6698 Say\u0131l\u0131 Ki\u015fisel Verilerin Korunmas\u0131 Kanunu,<\/p>\n<p>5\/2-e- Bir hakk\u0131n tesisi, kullan\u0131lmas\u0131 veya korunmas\u0131 i\u00e7in veri i\u015flemenin zorunlu olmas\u0131.<\/td>\n<td width=\"227\">\u0130leti\u015fim bilgileriniz; e-posta, telefon, s\u00f6zle\u015fmeler ve beyan edilen belgeler yoluyla toplanmaktad\u0131r.<\/td>\n<\/tr>\n<tr>\n<td width=\"93\">Hukuki \u0130\u015flem Verileri<\/td>\n<td width=\"151\">S\u00f6zle\u015fmeler, Dava ve \u0130cra Dosyalar\u0131ndaki Bilgiler, \u0130htarname<\/td>\n<td width=\"312\">Faaliyetlerin Mevzuata Uygun Y\u00fcr\u00fct\u00fclmesi, Finans ve Muhasebe \u0130\u015flerinin Y\u00fcr\u00fct\u00fclmesi, Mal \/ Hizmet Sat\u0131\u015f S\u00fcre\u00e7lerinin Y\u00fcr\u00fct\u00fclmesi, S\u00f6zle\u015fme S\u00fcre\u00e7lerinin Y\u00fcr\u00fct\u00fclmesi, Hukuk \u0130\u015flerinin Takibi Ve Y\u00fcr\u00fct\u00fclmesi<\/td>\n<td width=\"312\">6102 Say\u0131l\u0131 T\u00fcrk Ticaret Kanunu,<\/p>\n<p>6698 Say\u0131l\u0131 Ki\u015fisel Verilerin Korunmas\u0131 Kanunu,<\/p>\n<p>5\/2-c- Bir s\u00f6zle\u015fmenin kurulmas\u0131 veya ifas\u0131yla do\u011frudan do\u011fruya ilgili olmas\u0131 kayd\u0131yla, s\u00f6zle\u015fmenin taraflar\u0131na ait ki\u015fisel verilerin i\u015flenmesinin gerekli olmas\u0131,<\/p>\n<p>5\/2-\u00e7 &#8211; Veri sorumlusunun hukuki y\u00fck\u00fcml\u00fcl\u00fc\u011f\u00fcn\u00fc yerine getirebilmesi i\u00e7in zorunlu olmas\u0131.<\/td>\n<td width=\"227\">Hukuki i\u015flem bilgileriniz; e-posta, telefon, s\u00f6zle\u015fmeler ve beyan edilen belgeler yoluyla toplanmaktad\u0131r<\/td>\n<\/tr>\n<tr>\n<td width=\"93\">Fiziksel Mek\u00e2n G\u00fcvenli\u011fi<\/td>\n<td width=\"151\">Kamera Kay\u0131tlar\u0131<\/td>\n<td width=\"312\">Fiziksel Mek\u00e2n G\u00fcvenli\u011finin Temini,<\/td>\n<td width=\"312\">6698 Say\u0131l\u0131 Ki\u015fisel Verilerin Korunmas\u0131 Kanunu 5.Maddesinde belirtilen;<\/p>\n<p>5\/2-f &#8211; \u0130lgili ki\u015finin temel hak ve \u00f6zg\u00fcrl\u00fcklerine zarar vermemek kayd\u0131yla, veri sorumlusunun me\u015fru menfaatleri i\u00e7in veri i\u015flenmesinin zorunlu olmas\u0131.<\/td>\n<td width=\"227\">\u015eirketimize geldi\u011finizde otomatik yollarla, kamera sistemiyle verileriniz i\u015flenmektedir.<\/td>\n<\/tr>\n<tr>\n<td width=\"93\">\u0130\u015flem G\u00fcvenli\u011fi<\/td>\n<td width=\"151\">Log Kay\u0131tlar\u0131, Parolalar-\u015fifreler<\/td>\n<td width=\"312\">Faaliyetlerin Mevzuata Uygun Y\u00fcr\u00fct\u00fclmesi, S\u00f6zle\u015fme S\u00fcre\u00e7lerinin Y\u00fcr\u00fct\u00fclmesi, Hukuk \u0130\u015flerinin Takibi ve Y\u00fcr\u00fct\u00fclmesi, Yetkili Ki\u015fi, Kurum Ve Kurulu\u015flara Bilgi Verilmesi<\/td>\n<td width=\"312\">5651 Say\u0131l\u0131 Kanun ve \u0130lgili Y\u00f6netmelik.<\/p>\n<p>6698 Say\u0131l\u0131 Ki\u015fisel Verilerin Korunmas\u0131 Kanunu 5\/2-f &#8211; \u0130lgili ki\u015finin temel hak ve \u00f6zg\u00fcrl\u00fcklerine zarar vermemek kayd\u0131yla, veri sorumlusunun me\u015fru menfaatleri i\u00e7in veri i\u015flenmesinin zorunlu olmas\u0131.<\/td>\n<td width=\"227\">Parola ve \u015fifre kullanman\u0131z, internete ba\u011flanman\u0131z durumunda otomatik olarak i\u015flenmektedir.<\/td>\n<\/tr>\n<tr>\n<td width=\"93\">Finans Verileri<\/td>\n<td width=\"151\">Banka Bilgileri, IBAN No<\/td>\n<td width=\"312\">Finans ve Muhasebe \u0130\u015flerinin Y\u00fcr\u00fct\u00fclmesi, \u0130\u015f Faaliyetlerinin Y\u00fcr\u00fct\u00fclmesi\/Denetimi, S\u00f6zle\u015fme S\u00fcre\u00e7lerinin Y\u00fcr\u00fct\u00fclmesi, Faaliyetlerin Mevzuata Uygun Y\u00fcr\u00fct\u00fclmesi, Yetkili Ki\u015fi, Kurum Ve Kurulu\u015flara Bilgi Verilmesi<\/td>\n<td width=\"312\">6102 Say\u0131l\u0131 T\u00fcrk Ticaret Kanunu, 6698 Say\u0131l\u0131 Ki\u015fisel Verilerin Korunmas\u0131 Kanunu,<\/p>\n<p>5\/2-c &#8211; Bir s\u00f6zle\u015fmenin kurulmas\u0131 veya ifas\u0131yla do\u011frudan do\u011fruya ilgili olmas\u0131 kayd\u0131yla, s\u00f6zle\u015fmenin taraflar\u0131na ait ki\u015fisel verilerin i\u015flenmesinin gerekli olmas\u0131,<\/p>\n<p>5\/2-e &#8211; Bir hakk\u0131n tesisi, kullan\u0131lmas\u0131 veya korunmas\u0131 i\u00e7in veri i\u015flemenin zorunlu olmas\u0131.<\/td>\n<td width=\"227\">Finans i\u015flemlerinin y\u00fcr\u00fct\u00fclmesi s\u0131ras\u0131nda, E-posta, Telefon, Firma yetkilerimize bizzat hissedarlar taraf\u0131ndan verilmesi y\u00f6ntemleriyle i\u015flenmektedir.<\/td>\n<\/tr>\n<tr>\n<td width=\"93\">Ara\u00e7 Verileri<\/td>\n<td width=\"151\">Ara\u00e7 Plakas\u0131<\/td>\n<td width=\"312\">Faaliyetlerin Mevzuata Uygun Y\u00fcr\u00fct\u00fclmesi<\/td>\n<td width=\"312\">4857 Say\u0131l\u0131 \u0130\u015f Kanunu,<\/p>\n<p>6331 say\u0131l\u0131 \u0130\u015f Sa\u011fl\u0131\u011f\u0131 ve G\u00fcvenli\u011fi Kanunu,<\/p>\n<p>6698 Say\u0131l\u0131 Ki\u015fisel Verilerin Korunmas\u0131 Kanunu<\/p>\n<p>5\/2-f &#8211; \u0130lgili ki\u015finin temel hak ve \u00f6zg\u00fcrl\u00fcklerine zarar vermemek kayd\u0131yla, veri sorumlusunun me\u015fru menfaatleri i\u00e7in veri i\u015flenmesinin zorunlu olmas\u0131<\/td>\n<td width=\"227\">Plaka Bilgisi; firman\u0131z veya sizin taraf\u0131n\u0131zdan otele giri\u015finizle elde edilen belgeler yoluyla toplanmaktad\u0131r.<\/td>\n<\/tr>\n<tr>\n<td width=\"93\">G\u00f6rsel ve \u0130\u015fitsel Kay\u0131tlar<\/td>\n<td width=\"151\">Vesikal\u0131k Foto\u011fraf<\/td>\n<td width=\"312\">S\u00f6zle\u015fme S\u00fcre\u00e7lerinin Y\u00fcr\u00fct\u00fclmesi, Faaliyetlerin Mevzuata Uygun Y\u00fcr\u00fct\u00fclmesi, Yetkili Ki\u015fi, Kurum Ve Kurulu\u015flara Bilgi Verilmesi<\/td>\n<td width=\"312\">4857 Say\u0131l\u0131 \u0130\u015f Kanunu,<\/p>\n<p>6331 say\u0131l\u0131 \u0130\u015f Sa\u011fl\u0131\u011f\u0131 ve G\u00fcvenli\u011fi Kanunu,<\/p>\n<p>6698 Say\u0131l\u0131 Ki\u015fisel Verilerin Korunmas\u0131 Kanunu,<\/p>\n<p>5\/2-c &#8211; Bir s\u00f6zle\u015fmenin kurulmas\u0131 veya ifas\u0131yla do\u011frudan do\u011fruya ilgili olmas\u0131 kayd\u0131yla, s\u00f6zle\u015fmenin taraflar\u0131na ait ki\u015fisel verilerin i\u015flenmesinin gerekli olmas\u0131<\/td>\n<td width=\"227\">G\u00f6rsel ve \u0130\u015fitsel Veri Bilgileri; e-posta ve\/veya taraf\u0131n\u0131zdan verilmesi yoluyla toplanmaktad\u0131r.<\/td>\n<\/tr>\n<\/tbody>\n<\/table>\n<p><strong>\u0130\u015f<\/strong><strong>lenen Ki\u015fisel Verilerin Kimlere ve Hangi Ama\u00e7la Aktar\u0131labilece\u011fi<\/strong><\/p>\n<p><strong>HOTEL ANATOL\u0130A<\/strong> taraf\u0131ndan toplanan ki\u015fisel verileriniz; 6698 Say\u0131l\u0131 Ki\u015fisel Verilerin Korunmas\u0131 Kanunu\u2019nun 8. ve 9. maddelerine uygun olmak suretiyle aktar\u0131lmaktad\u0131r.<\/p>\n<table width=\"1094\">\n<tbody>\n<tr>\n<td width=\"93\"><strong>Veri Kategorisi<\/strong><\/td>\n<td width=\"163\"><strong>\u0130\u015flenen Ki\u015fisel Veriler<\/strong><\/td>\n<td width=\"301\"><strong>Ki\u015fisel Verilerin Aktar\u0131lma Ama\u00e7lar\u0131<\/strong><\/td>\n<td width=\"208\"><strong>Ki\u015fisel Verileri Kime Aktar\u0131yoruz<\/strong><\/td>\n<td width=\"104\"><strong>Ki\u015fisel Verileri Nas\u0131l Aktar\u0131yoruz<\/strong><\/td>\n<td width=\"227\"><strong>Ki\u015fisel Verilerin Yurtd\u0131\u015f\u0131 Aktar\u0131m\u0131<\/strong><\/td>\n<\/tr>\n<tr>\n<td width=\"93\">01- Kimlik Verileri<\/td>\n<td width=\"163\">Ad\u0131, Soyad\u0131, T.C. Kimlik No, \u0130mza, Vergi Numaras\u0131<\/td>\n<td width=\"301\">Finans ve Muhasebe \u0130\u015flerinin Y\u00fcr\u00fct\u00fclmesi, Hukuk \u0130\u015flerinin Takibi Ve Y\u00fcr\u00fct\u00fclmesi, Lojistik Faaliyetlerinin Y\u00fcr\u00fct\u00fclmesi, Mal \/ Hizmet Sat\u0131\u015f S\u00fcre\u00e7lerinin Y\u00fcr\u00fct\u00fclmesi, Talep \/ \u015eikayetlerin Takibi, Yetkili Ki\u015fi, Kurum Ve Kurulu\u015flara Bilgi Verilmesi<\/td>\n<td width=\"208\">Ger\u00e7ek Ki\u015filer veya \u00d6zel Hukuk T\u00fczel Ki\u015fileri, Tedarik\u00e7iler, Yetkili Kamu Kurum ve Kurulu\u015flar\u0131, M\u00fc\u015fteriler<\/td>\n<td width=\"104\">E-Mail, Posta,<\/td>\n<td width=\"227\">Kimlik kategorisinde yer alan ki\u015fisel verileriniz Google alt yap\u0131 sistemlerinin kullan\u0131lmas\u0131 sebebiyle yurtd\u0131\u015f\u0131na aktar\u0131lmaktad\u0131r.<\/td>\n<\/tr>\n<tr>\n<td width=\"93\">02- \u0130leti\u015fim Verileri<\/td>\n<td width=\"163\">Adres, E-Posta, Telefon No<\/td>\n<td width=\"301\">Finans Ve Muhasebe \u0130\u015flerinin Y\u00fcr\u00fct\u00fclmesi, Lojistik Faaliyetlerinin Y\u00fcr\u00fct\u00fclmesi, Mal \/ Hizmet Sat\u0131\u015f S\u00fcre\u00e7lerinin Y\u00fcr\u00fct\u00fclmesi, S\u00f6zle\u015fme S\u00fcre\u00e7lerinin Y\u00fcr\u00fct\u00fclmesi<\/td>\n<td width=\"208\">Ger\u00e7ek Ki\u015filer veya \u00d6zel Hukuk T\u00fczel Ki\u015fileri, Tedarik\u00e7iler, Yetkili Kamu Kurum ve Kurulu\u015flar\u0131<\/td>\n<td width=\"104\">E-Mail, Posta,<\/td>\n<td width=\"227\">\u0130leti\u015fim kategorisinde yer alan ki\u015fisel verileriniz yurtd\u0131\u015f\u0131na aktar\u0131lmamaktad\u0131r.<\/td>\n<\/tr>\n<tr>\n<td width=\"93\">03- Hukuki \u0130\u015flem Verileri<\/td>\n<td width=\"163\">S\u00f6zle\u015fmeler, \u0130mza Sirk\u00fcleri<\/td>\n<td width=\"301\">Finans Ve Muhasebe \u0130\u015flerinin Y\u00fcr\u00fct\u00fclmesi, Yetkili Ki\u015fi, Kurum Ve Kurulu\u015flara Bilgi Verilmesi, S\u00f6zle\u015fme S\u00fcre\u00e7lerinin Y\u00fcr\u00fct\u00fclmesi<\/td>\n<td width=\"208\">Ger\u00e7ek Ki\u015filer veya \u00d6zel Hukuk T\u00fczel Ki\u015fileri, Yetkili Kamu Kurum ve Kurulu\u015flar\u0131<\/td>\n<td width=\"104\">E-Mail, Posta,<\/td>\n<td width=\"227\">Hukuki i\u015flem kategorisinde yer alan ki\u015fisel verileriniz yurtd\u0131\u015f\u0131na aktar\u0131lmamaktad\u0131r.<\/td>\n<\/tr>\n<tr>\n<td width=\"93\">04- Fiziksel Mek\u00e2n G\u00fcvenli\u011fi<\/td>\n<td width=\"163\">Kamera Kay\u0131tlar\u0131<\/td>\n<td width=\"301\">Yetkili Ki\u015fi, Kurum Ve Kurulu\u015flara Bilgi Verilmesi<\/td>\n<td width=\"208\">Yetkili Kamu Kurum ve Kurulu\u015flar\u0131<\/td>\n<td width=\"104\">CD veya USB<\/td>\n<td width=\"227\">Fiziksel Mek\u00e2n G\u00fcvenli\u011fi kategorisinde yer alan ki\u015fisel verileriniz yurtd\u0131\u015f\u0131na aktar\u0131lmamaktad\u0131r.<\/td>\n<\/tr>\n<tr>\n<td width=\"93\">05- Finans Verileri<\/td>\n<td width=\"163\">Banka Bilgileri, IBAN No<\/td>\n<td width=\"301\">Faaliyetlerin Mevzuata Uygun Y\u00fcr\u00fct\u00fclmesi, Finans Ve Muhasebe \u0130\u015flerinin Y\u00fcr\u00fct\u00fclmesi, Yetkili Ki\u015fi, Kurum Ve Kurulu\u015flara Bilgi Verilmesi<\/td>\n<td width=\"208\">Ger\u00e7ek Ki\u015filer veya \u00d6zel Hukuk T\u00fczel Ki\u015fileri, Tedarik\u00e7iler, Yetkili Kamu Kurum ve Kurulu\u015flar\u0131<\/td>\n<td width=\"104\">E-Mail, Fatura, Dekont<\/td>\n<td width=\"227\">Finans kategorisinde yer alan ki\u015fisel verileriniz yurtd\u0131\u015f\u0131na aktar\u0131lmamaktad\u0131r.<\/td>\n<\/tr>\n<tr>\n<td width=\"93\">06- Ara\u00e7 Verileri<\/td>\n<td width=\"163\">Plaka Bilgisi<\/td>\n<td width=\"301\">Faaliyetlerin Mevzuata Uygun Y\u00fcr\u00fct\u00fclmesi, Yetkili Ki\u015fi, Kurum Ve Kurulu\u015flara Bilgi Verilmesi<\/td>\n<td width=\"208\">Yetkili Kamu Kurum ve Kurulu\u015flar\u0131<\/td>\n<td width=\"104\">Form, G\u00f6rsel Kay\u0131t<\/td>\n<td width=\"227\">Plaka Bilgisi kategorisinde yer alan ki\u015fisel verileriniz yurtd\u0131\u015f\u0131na aktar\u0131lmamaktad\u0131r.<\/td>\n<\/tr>\n<tr>\n<td width=\"93\">07- G\u00f6rsel ve \u0130\u015fitsel Kay\u0131tlar<\/td>\n<td width=\"163\">Vesikal\u0131k Foto\u011fraf<\/td>\n<td width=\"301\">S\u00f6zle\u015fme S\u00fcre\u00e7lerinin Y\u00fcr\u00fct\u00fclmesi, Faaliyetlerin Mevzuata Uygun Y\u00fcr\u00fct\u00fclmesi, Yetkili Ki\u015fi, Kurum Ve Kurulu\u015flara Bilgi Verilmesi<\/td>\n<td width=\"208\">Ger\u00e7ek Ki\u015filer veya \u00d6zel Hukuk T\u00fczel Ki\u015fileri, Yetkili Kamu Kurum ve Kurulu\u015flar\u0131<\/td>\n<td width=\"104\">E-Mail<\/td>\n<td width=\"227\">G\u00f6rsel ve \u0130\u015fitsel Kay\u0131tlar kategorisinde yer alan ki\u015fisel verileriniz yurtd\u0131\u015f\u0131na aktar\u0131lmamaktad\u0131r.<\/td>\n<\/tr>\n<\/tbody>\n<\/table>\n<p><strong>\u00a0<\/strong><strong>Veri Sahibi Olarak KVK Kanunu\u2019nun 11. Maddesinde Say\u0131lan Haklar\u0131n\u0131z Nelerdir?<\/strong><\/p>\n<p>Ki\u015fisel verisi i\u015flenen ger\u00e7ek ki\u015filerin KVK Kanunu\u2019nun 11. maddesi uyar\u0131nca sahip oldu\u011fu haklar a\u015fa\u011f\u0131daki gibidir;<\/p>\n<ul>\n<li>Ki\u015fisel veri i\u015flenip i\u015flenmedi\u011fini \u00f6\u011frenme,<\/li>\n<li>Ki\u015fisel verileri i\u015flenmi\u015fse buna ili\u015fkin bilgi talep etme,<\/li>\n<li>Ki\u015fisel verilerin i\u015flenme amac\u0131n\u0131 ve bunlar\u0131n amac\u0131na uygun kullan\u0131l\u0131p kullan\u0131lmad\u0131\u011f\u0131n\u0131 \u00f6\u011frenme,<\/li>\n<li>Yurt i\u00e7inde veya yurt d\u0131\u015f\u0131nda ki\u015fisel verilerin aktar\u0131ld\u0131\u011f\u0131 \u00fc\u00e7\u00fcnc\u00fc ki\u015fileri bilme,<\/li>\n<li>\u0130\u015flenen verilerin m\u00fcnhas\u0131ran otomatik sistemler vas\u0131tas\u0131yla analiz edilmesi suretiyle ki\u015finin kendisi aleyhine bir sonucun ortaya \u00e7\u0131kmas\u0131na itiraz etme,<\/li>\n<li>Ki\u015fisel verilerin kanuna ayk\u0131r\u0131 olarak i\u015flenmesi sebebiyle zarara u\u011framas\u0131 h\u00e2linde zarar\u0131n giderilmesini talep etme.<\/li>\n<\/ul>\n<p>Yukar\u0131da s\u0131ralanan haklar\u0131n\u0131za y\u00f6nelik ba\u015fvurular\u0131n\u0131z\u0131 kimli\u011finizi tespit edici gerekli bilgiler ile KVK Kanunu\u2019nun 11. maddesinde belirtilen haklardan kullanmay\u0131 talep etti\u011finiz hakk\u0131n\u0131za y\u00f6nelik a\u00e7\u0131klamalar\u0131n\u0131z\u0131 i\u00e7eren talebinizi; <strong>www.hotelanatolia.com<\/strong> internet adresinde yer alan <strong>Veri Sahibi Ba\u015fvuru Formunu<\/strong> doldurarak, formun imzal\u0131 bir n\u00fcshas\u0131n\u0131 \u201c<strong>\u00c7ekirge Mahallesi Z\u00fcbeyde Han\u0131m Cadde No:1 Osmangazi\/Bursa (Mersis No: 0612006419000010)<\/strong><strong>\u201d<\/strong>adresine <strong>kimli\u011finizi tespit edici belgeler<\/strong> ile bizzat elden, noter kanal\u0131yla veya <strong>marmaraotelcilik@hs01.kep.tr <\/strong>kay\u0131tl\u0131 elektronik posta adresimize g\u00fcvenli elektronik imza, mobil imza ya da <a href=\"mailto:anatolia@hotelanatolia.com\"><strong>anatolia@hotelanatolia.com<\/strong><\/a> adresine elektronik posta olarak iletebilirsiniz.<\/p>\n<p><strong>HOTEL ANATOL\u0130A<\/strong> talebin niteli\u011fine g\u00f6re, talebi en k\u0131sa s\u00fcrede ve en ge\u00e7 otuz (30) g\u00fcn i\u00e7inde \u00fccretsiz olarak sonu\u00e7land\u0131racakt\u0131r. Ancak, i\u015flemin ayr\u0131ca bir maliyeti gerektirmesi h\u00e2linde, Ki\u015fisel Verileri Koruma Kurulu taraf\u0131ndan Veri Sorumlusuna Ba\u015fvuru Usul ve Esaslar\u0131 Hakk\u0131nda Tebli\u011f&#8217;de belirlenen tarifedeki \u00fccret al\u0131nabilir.<\/p>\n<p>Ba\u015fvurular T\u00fcrk\u00e7e yap\u0131lmal\u0131d\u0131r. Ba\u015fvurularda, ad, soyad\u0131 ve ba\u015fvuru yaz\u0131l\u0131 ise imza, T\u00fcrkiye Cumhuriyeti vatanda\u015flar\u0131 i\u00e7in T.C. kimlik numaras\u0131, yabanc\u0131lar i\u00e7in uyru\u011fu, pasaport numaras\u0131\/kimlik numaras\u0131, tebligata esas yerle\u015fim yeri veya i\u015fyeri adresi, varsa bildirime esas elektronik posta adresi, telefon veya faks numaras\u0131 ve talep konusu bulunmas\u0131 zorunludur.<\/p>\n<p>Ki\u015fisel veri sahibinin sahip oldu\u011fu ve yukar\u0131da belirtilen haklar\u0131 kullanmak i\u00e7in yapaca\u011f\u0131 ve kullanmay\u0131 talep etti\u011fi hakka ili\u015fkin a\u00e7\u0131klamalar\u0131 i\u00e7eren ba\u015fvuruda; talep etti\u011fi hususun a\u00e7\u0131k ve anla\u015f\u0131l\u0131r olmas\u0131, talep etti\u011fi konunun \u015fahs\u0131 ile ilgili olmas\u0131 veya ba\u015fkas\u0131 ad\u0131na hareket ediyor ise bu konuda \u00f6zel olarak yetkili olmas\u0131 ve yetkisini belgelendirmesi, ba\u015fvurunun kimlik ve adres bilgilerini i\u00e7ermesi ve ba\u015fvuruya kimli\u011fini tevsik edici belgelerin eklenmesi gerekmektedir.<\/p>\n<p>KVK Kanunu kapsam\u0131nda \u201cVeri Sorumlusu\u201d s\u0131fat\u0131yla bildiririz.<\/p>\n<p>Sayg\u0131lar\u0131m\u0131zla,<\/p>\n<table>\n<tbody>\n<tr>\n<td colspan=\"3\" width=\"670\"><strong>Marmara Otelcilik Anonim \u015eirketi<\/strong><\/td>\n<\/tr>\n<tr>\n<td width=\"75\">Adres<\/td>\n<td width=\"28\"><strong>:<\/strong><\/td>\n<td width=\"567\">\u00c7ekirge Mahallesi Z\u00fcbeyde Han\u0131m Cadde No:1 Osmangazi\/Bursa \u2013 T\u00fcrkiye<\/td>\n<\/tr>\n<tr>\n<td width=\"75\">Telefon<\/td>\n<td width=\"28\">:<\/td>\n<td width=\"567\">0(224) 600 16 16<\/td>\n<\/tr>\n<tr>\n<td width=\"75\">E-Posta<\/td>\n<td width=\"28\">:<\/td>\n<td width=\"567\">anatolia@hotelanatolia.com<\/td>\n<\/tr>\n<tr>\n<td width=\"75\">KEP<\/td>\n<td width=\"28\">:<\/td>\n<td width=\"567\"><a href=\"mailto:marmaraotelcilik@hs01.kep.tr\">marmaraotelcilik@hs01.kep.tr<\/a><\/td>\n<\/tr>\n<tr>\n<td width=\"75\">Web<\/td>\n<td width=\"28\">:<\/td>\n<td width=\"567\">www.hotelanatolia.com<\/td>\n<\/tr>\n<\/tbody>\n<\/table>","protected":false},"excerpt":{"rendered":"<p>Marmara Otelcilik Anonim \u015eirketi (bundan b\u00f6yle \u201cHOTEL ANATOL\u0130A\u201d olarak ifade edilecektir) olarak 6698 say\u0131l\u0131 Ki\u015fisel Verilerin Korunmas\u0131 Kanunu (\u201cKVKK\u201d) ile ilgili mevzuat ve yasal d\u00fczenlemelerden kaynaklanan faaliyetlerimiz \u00e7er\u00e7evesinde ki\u015fisel verilerinizin i\u015flenmesi, saklanmas\u0131 ve aktar\u0131lmas\u0131na ili\u015fkin veri sahibi ilgili ki\u015fileri ayd\u0131nlatmak amac\u0131yla i\u015fbu Ki\u015fisel Verilerin \u0130\u015flenmesi Ayd\u0131nlatma Metni\u2019ni (\u201cAyd\u0131nlatma Metni\u201d) haz\u0131rlad\u0131k. Ayd\u0131nlatma Metni, HOTEL ANATOL\u0130A taraf\u0131ndan [&hellip;]<\/p>\n","protected":false},"author":1,"featured_media":0,"parent":22,"menu_order":0,"comment_status":"closed","ping_status":"closed","template":"","meta":{"om_disable_all_campaigns":false,"footnotes":""},"class_list":["post-1381","page","type-page","status-publish","hentry"],"aioseo_notices":[],"brizy_media":[],"_links":{"self":[{"href":"https:\/\/hotelanatolia.com\/en_us\/wp-json\/wp\/v2\/pages\/1381","targetHints":{"allow":["GET"]}}],"collection":[{"href":"https:\/\/hotelanatolia.com\/en_us\/wp-json\/wp\/v2\/pages"}],"about":[{"href":"https:\/\/hotelanatolia.com\/en_us\/wp-json\/wp\/v2\/types\/page"}],"author":[{"embeddable":true,"href":"https:\/\/hotelanatolia.com\/en_us\/wp-json\/wp\/v2\/users\/1"}],"replies":[{"embeddable":true,"href":"https:\/\/hotelanatolia.com\/en_us\/wp-json\/wp\/v2\/comments?post=1381"}],"version-history":[{"count":2,"href":"https:\/\/hotelanatolia.com\/en_us\/wp-json\/wp\/v2\/pages\/1381\/revisions"}],"predecessor-version":[{"id":1992,"href":"https:\/\/hotelanatolia.com\/en_us\/wp-json\/wp\/v2\/pages\/1381\/revisions\/1992"}],"up":[{"embeddable":true,"href":"https:\/\/hotelanatolia.com\/en_us\/wp-json\/wp\/v2\/pages\/22"}],"wp:attachment":[{"href":"https:\/\/hotelanatolia.com\/en_us\/wp-json\/wp\/v2\/media?parent=1381"}],"curies":[{"name":"wp","href":"https:\/\/api.w.org\/{rel}","templated":true}]}}