{"id":16,"date":"2017-02-23T15:21:17","date_gmt":"2017-02-23T12:21:17","guid":{"rendered":"http:\/\/hotelanatolia.com\/?page_id=16"},"modified":"2021-10-08T09:12:48","modified_gmt":"2021-10-08T06:12:48","slug":"lounge","status":"publish","type":"page","link":"https:\/\/hotelanatolia.com\/en_us\/lounge\/","title":{"rendered":"LOUNGE"},"content":{"rendered":"<p><section   class=\"fw-main-row-custom fw-main-row-top fw-section-no-padding  fw_theme_bg_fw-custom fw-section-image fw-section-height-custom  fw-section-position-back tf-sh-0427b7c6c59618cbd33a2e564bb5cafc\"  style=\" background-image:url(https:\/\/hotelanatolia.com\/wp-content\/uploads\/2021\/10\/Slayt-14.jpg); background-repeat: no-repeat; background-position: center top; background-size: cover; height: 560px;\"  >\n\t\t\t<div class=\"fw-container-fluid\" >\n\t\t<div class=\"fw-row\">\n\t<div id=\"column-69e527860f42e\" class=\"fw-col-sm-12 tf-sh-18b8432e0468f1415a3ae419b7822d33  fw-animated-element fw-col-no-padding\" data-animation-type=\"fadeInUp\" data-animation-delay=\"300\">\n\t<div class=\"fw-wrap-col-inner clearfix\"   >\n\t\t\t\t<div class=\"fw-col-inner\">\n\t\t\t<div class=\"fw-heading fw-heading-center  fw-heading-with-subtitle tf-sh-277ab0ddd26e64a702509b6a58d9f9c2\" >\n\t\t\t<h1 class=\"fw-special-title\">En keyifli sohbetlere<\/h1>\n\t\n\t\n\t\t\t<div class=\"fw-special-subtitle\">\u015eehrin kalabal\u0131\u011f\u0131ndan uzakta, biraz dinlenmek ve nefes almak isteyenlere \u00f6zel<\/div>\n\t<\/div>\t\t<\/div>\n\t<\/div>\n<\/div><\/div>\n\n\t<\/div>\n\t<\/section><section   class=\"fw-main-row-custom fw-section-no-padding  auto  fw-section-position-back tf-sh-2a24729400113cf7c2ac056d488aacd5\"    >\n\t\t\t<div class=\"fw-container\" >\n\t\t<div class=\"fw-row\">\n\t<div id=\"column-69e527861039f\" class=\"fw-col-sm-12 tf-sh-3577f77f733188f01f6858a5183142de\" >\n\t<div class=\"fw-wrap-col-inner clearfix\"   >\n\t\t\t\t<div class=\"fw-col-inner\">\n\t\t\t<div class=\"fw-divider-space  fw-custom-space  fw-mobile-hide-element clearfix\" style=\"height:140px;\" ><\/div>\t\t<\/div>\n\t<\/div>\n<\/div><\/div>\n\n<div class=\"fw-row\">\n\t<div id=\"column-69e5278610d41\" class=\"fw-col-sm-6 tf-sh-2640582917a35ea2bf1157b4e533c650  fw-animated-element\" data-animation-type=\"fadeInUp\" data-animation-delay=\"300\">\n\t<div class=\"fw-wrap-col-inner clearfix\"   >\n\t\t\t\t<div class=\"fw-col-inner\">\n\t\t\t<div class=\"fw-text-box tf-sh-78b4e860daee041c1597fa210a9e937b\" >\n\t<div class=\"fw-text-inner\">\n\t\t<p>\u015eehrin stresinden uzakla\u015fmak ve arkada\u015flar\u0131n\u0131zla keyifli vakit ge\u00e7irmek ister misiniz?<\/p>\n\t<\/div>\n<\/div>\t\t<\/div>\n\t<\/div>\n<\/div><div id=\"column-69e5278611401\" class=\"fw-col-sm-6 tf-sh-b931951f8c038257a5db646a6eb35c8b  fw-animated-element\" data-animation-type=\"fadeInUp\" data-animation-delay=\"500\">\n\t<div class=\"fw-wrap-col-inner clearfix\"   >\n\t\t\t\t<div class=\"fw-col-inner\">\n\t\t\t<div class=\"fw-text-box tf-sh-4cee54d4aa7d4a1a17ff1d5912f11293\" >\n\t<div class=\"fw-text-inner\">\n\t\t<p>S\u0131cak ve ki\u015fiye huzur veren ortam\u0131 ile lobi bar\u0131m\u0131z\u0131n yan\u0131nda panoramik Bursa manzaral\u0131 1985 Lounge Bar'\u0131m\u0131zla hizmetinizdeyiz. Sevdiklerinizle i\u00e7kinizi yudumlay\u0131p, leziz yemekler e\u015fli\u011finde \u015fehrin \u0131\u015f\u0131klar\u0131 aras\u0131nda\u00a0sohbet etmek ister misiniz? O halde sizi Hotel Anatolia'n\u0131n canl\u0131 m\u00fczik e\u015fli\u011finde ki\u015fiye huzur veren 1985 Lounge Bar'\u0131na bekleriz.<\/p>\n\t<\/div>\n<\/div>\t\t<\/div>\n\t<\/div>\n<\/div><\/div>\n\n<div class=\"fw-row\">\n\t<div id=\"column-69e5278611cfd\" class=\"fw-col-sm-12 tf-sh-7e4898b680939314dc22a9aae3e0f156\" >\n\t<div class=\"fw-wrap-col-inner clearfix\"   >\n\t\t\t\t<div class=\"fw-col-inner\">\n\t\t\t<div class=\"fw-divider-space  fw-custom-space  fw-mobile-hide-element clearfix\" style=\"height:70px;\" ><\/div>\t\t<\/div>\n\t<\/div>\n<\/div><\/div>\n\n<div class=\"fw-row\">\n\t<div id=\"column-69e527861258f\" class=\"fw-col-sm-12 tf-sh-eb153ccb42cfcfbccbe3ed52bf12adeb\" >\n\t<div class=\"fw-wrap-col-inner clearfix\"   >\n\t\t\t\t<div class=\"fw-col-inner\">\n\t\t\t<div class=\"fw-divider-space  fw-custom-space  fw-mobile-hide-element clearfix\" style=\"height:70px;\" ><\/div>\t\t<\/div>\n\t<\/div>\n<\/div><\/div>\n\n\t<\/div>\n\t<\/section><section   class=\"fw-main-row-custom fw-section-no-padding  auto  fw-section-position-back tf-sh-ab92656868cc9c71ef09e446399b9638\"  style=\" background-color:#ffffff;\"  >\n\t\t\t<div class=\"fw-container-fluid\" >\n\t\t<div class=\"fw-row\">\n\t<div id=\"column-69e5278613469\" class=\"fw-col-sm-12 fw-col-md-6 tf-sh-a63f715448fab47ecece44d1ebb4e6ff\" >\n\t<div class=\"fw-wrap-col-inner clearfix\"   >\n\t\t\t\t<div class=\"fw-col-inner\">\n\t\t\t<div class=\"fw-heading fw-heading-right  fw-heading-with-subtitle tf-sh-ee82a54a7b1eda8ad0fb11d49170ba52\" >\n\t\t\t<h5 class=\"fw-special-title\">01<\/h5>\n\t\n\t\n\t\t\t<div class=\"fw-special-subtitle\">AYRICALIKLI ORTAMI \u0130LE<\/div>\n\t<\/div><div class=\"fw-divider-space  fw-custom-space  clearfix\" style=\"height:75px;\" ><\/div><div class=\"fw-heading fw-heading-right  fw-animated-element tf-sh-f0b4244f9a6976183e63cdb9e550e44b\"  data-animation-type=\"fadeInUp\" data-animation-delay=\"300\">\n\t\t\t<h2 class=\"fw-special-title\">1985 Lounge<\/h2>\n\t\n\t\n\t<\/div><div class=\"fw-divider-space  fw-custom-space  clearfix\" style=\"height:20px;\" ><\/div><div class=\"fw-text-box tf-sh-a69564321ae0f14d917305a7366a0191  fw-animated-element\"  data-animation-type=\"fadeInUp\" data-animation-delay=\"500\">\n\t<div class=\"fw-text-inner\">\n\t\t<p style=\"text-align: right;\">Would you like to have a pleasant time with the fireplace on our terrace with panoramic Bursa view? You won't be able to understand how time flies in 1985 Lounge Bar with live music and delicious food and drinks.<\/p>\n\t<\/div>\n<\/div><div class=\"fw-divider-space  fw-custom-space  clearfix\" style=\"height:30px;\" ><\/div>\t\t<\/div>\n\t<\/div>\n<\/div><div id=\"column-69e52786148a9\" class=\"fw-col-sm-12 fw-col-md-6 tf-sh-d998146fd8390b2ca885f1281f8c6e82  fw-col-no-padding\" >\n\t<div class=\"fw-wrap-col-inner clearfix   fw-column-height-custom\" style=\"height: 853px;\"  >\n\t\t\t\t<div class=\"fw-col-inner\">\n\t\t\t\t\t<\/div>\n\t<\/div>\n<\/div><\/div>\n\n\t<\/div>\n\t<\/section><section   class=\"fw-main-row-custom fw-section-no-padding  auto  fw-tablet-hide-element fw-mobile-hide-element fw-section-position-back tf-sh-39124043abdc0a9bc6379ad192643247\"  style=\" background-color:#e8e8e8;\"  >\n\t\t\t<div class=\"fw-container-fluid\" >\n\t\t<div class=\"fw-row\">\n\t<div id=\"column-69e5278615437\" class=\"fw-col-sm-12 fw-col-md-6 tf-sh-33b0f29965edefbeb12fd2e4d694cba9  fw-col-no-padding\" >\n\t<div class=\"fw-wrap-col-inner clearfix   fw-column-height-custom\" style=\"height: 853px;\"  >\n\t\t\t\t<div class=\"fw-col-inner\">\n\t\t\t\t\t<\/div>\n\t<\/div>\n<\/div><div id=\"column-69e527861575f\" class=\"fw-col-sm-12 fw-col-md-6 tf-sh-9e07398944d4e86626b3625c585fdd0c\" >\n\t<div class=\"fw-wrap-col-inner clearfix\"   >\n\t\t\t\t<div class=\"fw-col-inner\">\n\t\t\t<div class=\"fw-heading fw-heading-left  fw-heading-with-subtitle tf-sh-289a0376fc960ea8080f7e71479b76b6\" >\n\t\t\t<h5 class=\"fw-special-title\">02<\/h5>\n\t\n\t\n\t\t\t<div class=\"fw-special-subtitle\">KEY\u0130FL\u0130 SOHBETLERE<\/div>\n\t<\/div><div class=\"fw-divider-space  fw-custom-space  clearfix\" style=\"height:75px;\" ><\/div><div class=\"fw-heading fw-heading-left  fw-animated-element tf-sh-1fc68ace0babe18fa5747f18df389481\"  data-animation-type=\"fadeInUp\" data-animation-delay=\"300\">\n\t\t\t<h2 class=\"fw-special-title\">Lobi Bar<\/h2>\n\t\n\t\n\t<\/div><div class=\"fw-divider-space  fw-custom-space  clearfix\" style=\"height:20px;\" ><\/div><div class=\"fw-text-box tf-sh-6ea27435905c19232cc30771d8e92b77  fw-animated-element\"  data-animation-type=\"fadeInUp\" data-animation-delay=\"500\">\n\t<div class=\"fw-text-inner\">\n\t\t<p>\u015eehrin s\u0131k\u0131nt\u0131s\u0131ndan uzak, g\u00fczel bir m\u00fczik e\u015fli\u011finde, sevdiklerinizle birlikte yemek yiyip, sohbet etmek isterseniz, lobi bar\u0131m\u0131za bekleriz. S\u0131cak ve dinlendirici ortam\u0131 ile g\u00fcn sonunda kaybetti\u011finiz enerjinizi tekrar kazanacaks\u0131n\u0131z.<\/p>\n\t<\/div>\n<\/div><div class=\"fw-divider-space  fw-custom-space  clearfix\" style=\"height:30px;\" ><\/div>\t\t<\/div>\n\t<\/div>\n<\/div><\/div>\n\n\t<\/div>\n\t<\/section><\/p>","protected":false},"excerpt":{"rendered":"<p>En keyifli sohbetlere \u015eehrin kalabal\u0131\u011f\u0131ndan uzakta, biraz dinlenmek ve nefes almak isteyenlere \u00f6zel \u015eehrin stresinden uzakla\u015fmak ve arkada\u015flar\u0131n\u0131zla keyifli vakit ge\u00e7irmek ister misiniz? S\u0131cak ve ki\u015fiye huzur veren ortam\u0131 ile lobi bar\u0131m\u0131z\u0131n yan\u0131nda panoramik Bursa manzaral\u0131 1985 Lounge Bar&#8217;\u0131m\u0131zla hizmetinizdeyiz. Sevdiklerinizle i\u00e7kinizi yudumlay\u0131p, leziz yemekler e\u015fli\u011finde \u015fehrin \u0131\u015f\u0131klar\u0131 aras\u0131nda\u00a0sohbet etmek ister misiniz? O halde sizi [&hellip;]<\/p>\n","protected":false},"author":1,"featured_media":0,"parent":0,"menu_order":0,"comment_status":"closed","ping_status":"closed","template":"visual-builder-template.php","meta":{"om_disable_all_campaigns":false,"footnotes":""},"class_list":["post-16","page","type-page","status-publish","hentry"],"aioseo_notices":[],"brizy_media":[],"_links":{"self":[{"href":"https:\/\/hotelanatolia.com\/en_us\/wp-json\/wp\/v2\/pages\/16","targetHints":{"allow":["GET"]}}],"collection":[{"href":"https:\/\/hotelanatolia.com\/en_us\/wp-json\/wp\/v2\/pages"}],"about":[{"href":"https:\/\/hotelanatolia.com\/en_us\/wp-json\/wp\/v2\/types\/page"}],"author":[{"embeddable":true,"href":"https:\/\/hotelanatolia.com\/en_us\/wp-json\/wp\/v2\/users\/1"}],"replies":[{"embeddable":true,"href":"https:\/\/hotelanatolia.com\/en_us\/wp-json\/wp\/v2\/comments?post=16"}],"version-history":[{"count":0,"href":"https:\/\/hotelanatolia.com\/en_us\/wp-json\/wp\/v2\/pages\/16\/revisions"}],"wp:attachment":[{"href":"https:\/\/hotelanatolia.com\/en_us\/wp-json\/wp\/v2\/media?parent=16"}],"curies":[{"name":"wp","href":"https:\/\/api.w.org\/{rel}","templated":true}]}}