{"id":1640,"date":"2021-11-10T09:51:49","date_gmt":"2021-11-10T06:51:49","guid":{"rendered":"https:\/\/hotelanatolia.com\/?page_id=1640"},"modified":"2024-05-17T17:16:45","modified_gmt":"2024-05-17T14:16:45","slug":"kvkk-kapsaminda-cerez-politikasi","status":"publish","type":"page","link":"https:\/\/hotelanatolia.com\/en_us\/about\/kvkk-kapsaminda-cerez-politikasi\/","title":{"rendered":"Marmara Otelcilik &#8211; Hotel Anatolia \u00c7erez Politikas\u0131"},"content":{"rendered":"<p>\u0130\u015fbu \u00c7erez Politikas\u0131 (k\u0131saca&nbsp;<strong>\u201cPolitika\u201d&nbsp;<\/strong>olarak an\u0131lacakt\u0131r.);&nbsp;Marmara Otelcilik Anonim \u015eirketi (bundan b\u00f6yle \u201c<strong>Hotel Anatolia<\/strong>\u201d olarak an\u0131lacakt\u0131r.) taraf\u0131ndan y\u00fcr\u00fct\u00fclen internet siteleri ve mobil platformlar, \u00fc\u00e7\u00fcnc\u00fc parti programlar veya internet siteleri \u00fczerinden eri\u015filen, kullan\u0131lan platformlar\u0131n hepsi i\u00e7in ge\u00e7erlidir.<\/p>\n\n\n\n<p>Web sitemize \u015fahsi herhangi bir bilgi vermeden ziyaret edebilir, \u00fcr\u00fcnlerimiz ve servislerimiz hakk\u0131nda bilgi alarak ihtiya\u00e7lar\u0131n\u0131z\u0131 kar\u015f\u0131layabilirsiniz. Ziyaretlerde site kullan\u0131m\u0131na ili\u015fkin bilgi toplamak i\u00e7in \u00e7erez kullan\u0131lmaktad\u0131r. Buradaki amac\u0131m\u0131z; web sitemizi ziyaret eden kullan\u0131c\u0131ya kolayl\u0131k sa\u011flamak ve i\u015fleyi\u015fi daha iyiye nas\u0131l ta\u015f\u0131yabilece\u011fimizi anlamakt\u0131r.<\/p>\n\n\n\n<p><strong>\u00c7erez<\/strong> bir internet sitesinin d\u00fczg\u00fcn bir \u015fekilde \u00e7al\u0131\u015fmas\u0131, kullan\u0131c\u0131 deneyiminin iyile\u015ftirilmesi, sitenin geli\u015ftirilmesi ve optimize edilmesi, daha uygun, ilgiye dayal\u0131 reklam sunma, ziyaret\u00e7iler i\u00e7in ilgi \u00e7ekici ve ki\u015fiselle\u015ftirilmi\u015f bir internet sitesi\/uygulama ve reklam portf\u00f6y\u00fc sunmak amac\u0131yla cihazlara (bilgisayar, telefon, tablet) yerle\u015ftirilen k\u00fc\u00e7\u00fck veri par\u00e7ac\u0131klar\u0131d\u0131r.<\/p>\n\n\n\n<p><strong>\u00c7erez T\u00fcrleri:<\/strong>&nbsp;\u00c7erezler farkl\u0131 s\u0131n\u0131fland\u0131rma t\u00fcrlerine g\u00f6re farkl\u0131 t\u00fcrlerde g\u00f6r\u00fcnebilirler.<\/p>\n\n\n\n<p>Ge\u00e7erlilik s\u00fcrelerine g\u00f6re Kal\u0131c\u0131 \u00c7erez ve Ge\u00e7ici \u00c7erez olarak iki \u00e7erez tipi bulunmaktad\u0131r. Ge\u00e7ici \u00e7erezler internet sitesini ziyaret etti\u011finiz esnada olu\u015fturulur ve sadece taray\u0131c\u0131n\u0131z\u0131 kapat\u0131ncaya kadar ge\u00e7erlidirler. Kal\u0131c\u0131 \u00e7erezler ise internet sitesini ziyaret etti\u011finizde olu\u015fturulur ve siz silinceye veya s\u00fcreleri doluncaya kadar kal\u0131rlar. Ayarlar\u0131n\u0131z ile uyumlu ki\u015fiselle\u015ftirilmi\u015f bir deneyim sunma gibi i\u015flemler yapmak i\u00e7in kal\u0131c\u0131 \u00e7erezler kullan\u0131l\u0131rlar.<\/p>\n\n\n\n<p><strong>Zorunlu \u00e7erezler<\/strong>&nbsp;internet sitesinin d\u00fczg\u00fcn bir \u015fekilde \u00e7al\u0131\u015fabilmesi ve kullan\u0131c\u0131lar\u0131n sitede gezinme ve \u00f6zelliklerinden yararlanmas\u0131n\u0131 sa\u011flar. Zorunlu \u00e7erezler anonim niteliktedirler.<\/p>\n\n\n\n<p><strong>\u0130\u015flevsel ve Analitik \u00e7erezler<\/strong>&nbsp;tercihlerinizi hat\u0131rlamak, internet sitesinin etkin \u015fekilde kullan\u0131lmas\u0131, sitenin kullan\u0131c\u0131 isteklerine cevap verecek \u015fekilde optimize edilmesi ve ziyaret\u00e7ilerin siteyi nas\u0131l kulland\u0131\u011f\u0131 hakk\u0131nda verileri i\u00e7erir. Niteli\u011fi gere\u011fi bu t\u00fcrdeki \u00e7erezler kullan\u0131c\u0131 ad\u0131 vb. ki\u015fisel bilgilerinizi i\u00e7erebilir. Ki\u015fisel veri i\u015flenmesi s\u00f6z konusu oldu\u011fu takdirde Hotel Anatolia \u2019in Ki\u015fisel Verilerin Korunmas\u0131 Hakk\u0131nda Politikalar\u0131na ve Ayd\u0131nlatma Metinlerine uygun olarak a\u00e7\u0131k r\u0131za al\u0131nmas\u0131 gerekti\u011fi hallerde r\u0131zan\u0131z al\u0131narak veri i\u015fleme faaliyeti ger\u00e7ekle\u015ftirilecektir.<\/p>\n\n\n\n<p><strong>Ticari \u00e7erezler<\/strong>&nbsp;ise ilgi alanlar\u0131n\u0131z ve se\u00e7imleriniz do\u011frultusunda hedefledi\u011finiz \u00fcr\u00fcn\/i\u00e7eri\u011fe benzer nitelikli olanlar\u0131n sunulmas\u0131 ve daha geli\u015fmi\u015f, ki\u015fiselle\u015ftirilmi\u015f bir reklam portf\u00f6y\u00fc sunarak kullan\u0131m deneyiminizi art\u0131rmaya yarar.<\/p>\n\n\n\n<p><strong>\u00dc\u00e7\u00fcnc\u00fc Parti \u00c7erezler:&nbsp;<\/strong>Hotel Anatolia internet siteleri\/mobil uygulamalar\u0131\/mobil internet siteleri \u00fc\u00e7\u00fcnc\u00fc parti g\u00fcvenilir, tan\u0131nm\u0131\u015f reklam sa\u011flay\u0131c\u0131lar\u0131yla \u00e7al\u0131\u015fmaktad\u0131r. \u00dc\u00e7\u00fcnc\u00fc parti hizmet sa\u011flay\u0131c\u0131lar size \u00f6zel reklamlar\u0131 sunabilmek i\u00e7in kendi \u00e7erezlerini yerle\u015ftirmektedirler. \u00dc\u00e7\u00fcnc\u00fc parti taraf\u0131ndan yerle\u015ftirilen \u00e7erezler internet sitelerinde ziyaret\u00e7ilerin gezinme bilgilerini toplar, i\u015fler ve nas\u0131l kulland\u0131klar\u0131n\u0131 analiz eder.<\/p>\n\n\n\n<p><strong>\u00c7erez \u0130zinleri<\/strong>:&nbsp;Hotel Anatolia \u2019e ait internet siteleri\/mobil uygulamalar\u0131\/mobil internet sitelerini kullanarak \u00e7erezlerin Politika kapsam\u0131nda uyumlu \u015fekilde kullan\u0131lmas\u0131na onay vermi\u015f olursunuz. Elektronik cihaz\u0131n\u0131zda \u00c7erez uygulamalar\u0131m\u0131z\u0131 kabul etmek istemiyorsan\u0131z \u00c7erez uygulamas\u0131n\u0131 reddedebilirsiniz. \u00c7erezleri reddetmeniz durumunda internet sitemiz veya mobil uygulamalar\u0131m\u0131z gerekti\u011fi gibi \u00e7al\u0131\u015fmayabilir veya talep etti\u011finiz hizmetlerin sunulmas\u0131 s\u0131ras\u0131nda aksakl\u0131klara neden olabilir.<\/p>\n\n\n\n<p>\u00c7erezlerin kullan\u0131m\u0131 hakk\u0131nda bilgilendirme Hotel Anatolia \u2019e ait internet siteleri\/mobil uygulamalar\u0131\/mobil internet sitelerine yap\u0131lacak ilk ziyarette a\u00e7\u0131l\u0131r pencere ile verilecektir. Bu pencereyi kapatt\u0131\u011f\u0131n\u0131zda kabul etmi\u015f say\u0131lacaks\u0131n\u0131z.<\/p>\n\n\n\n<p><strong>\u00c7erez Y\u00f6netimi:<\/strong>&nbsp;\u00c7erezleri devre d\u0131\u015f\u0131 b\u0131rakana kadar depolanm\u0131\u015f olan \u00e7erez verilerini y\u00f6netebilir ve temizleyebilirsiniz. Bu ayarlar\u0131n yeri kulland\u0131\u011f\u0131n\u0131z taray\u0131c\u0131ya g\u00f6re de\u011fi\u015fmektedir. Taray\u0131c\u0131n\u0131zdaki &#8220;Yard\u0131m&#8221; fonksiyonunu kullanarak ilgili ayarlar\u0131n yerini bulabilirsiniz.<\/p>","protected":false},"excerpt":{"rendered":"<p>\u0130\u015fbu \u00c7erez Politikas\u0131 (k\u0131saca&nbsp;\u201cPolitika\u201d&nbsp;olarak an\u0131lacakt\u0131r.);&nbsp;Marmara Otelcilik Anonim \u015eirketi (bundan b\u00f6yle \u201cHotel Anatolia\u201d olarak an\u0131lacakt\u0131r.) taraf\u0131ndan y\u00fcr\u00fct\u00fclen internet siteleri ve mobil platformlar, \u00fc\u00e7\u00fcnc\u00fc parti programlar veya internet siteleri \u00fczerinden eri\u015filen, kullan\u0131lan platformlar\u0131n hepsi i\u00e7in ge\u00e7erlidir. Web sitemize \u015fahsi herhangi bir bilgi vermeden ziyaret edebilir, \u00fcr\u00fcnlerimiz ve servislerimiz hakk\u0131nda bilgi alarak ihtiya\u00e7lar\u0131n\u0131z\u0131 kar\u015f\u0131layabilirsiniz. Ziyaretlerde site kullan\u0131m\u0131na ili\u015fkin [&hellip;]<\/p>\n","protected":false},"author":1,"featured_media":0,"parent":22,"menu_order":0,"comment_status":"closed","ping_status":"closed","template":"","meta":{"om_disable_all_campaigns":false,"footnotes":""},"class_list":["post-1640","page","type-page","status-publish","hentry"],"aioseo_notices":[],"brizy_media":[],"_links":{"self":[{"href":"https:\/\/hotelanatolia.com\/en_us\/wp-json\/wp\/v2\/pages\/1640","targetHints":{"allow":["GET"]}}],"collection":[{"href":"https:\/\/hotelanatolia.com\/en_us\/wp-json\/wp\/v2\/pages"}],"about":[{"href":"https:\/\/hotelanatolia.com\/en_us\/wp-json\/wp\/v2\/types\/page"}],"author":[{"embeddable":true,"href":"https:\/\/hotelanatolia.com\/en_us\/wp-json\/wp\/v2\/users\/1"}],"replies":[{"embeddable":true,"href":"https:\/\/hotelanatolia.com\/en_us\/wp-json\/wp\/v2\/comments?post=1640"}],"version-history":[{"count":1,"href":"https:\/\/hotelanatolia.com\/en_us\/wp-json\/wp\/v2\/pages\/1640\/revisions"}],"predecessor-version":[{"id":1990,"href":"https:\/\/hotelanatolia.com\/en_us\/wp-json\/wp\/v2\/pages\/1640\/revisions\/1990"}],"up":[{"embeddable":true,"href":"https:\/\/hotelanatolia.com\/en_us\/wp-json\/wp\/v2\/pages\/22"}],"wp:attachment":[{"href":"https:\/\/hotelanatolia.com\/en_us\/wp-json\/wp\/v2\/media?parent=1640"}],"curies":[{"name":"wp","href":"https:\/\/api.w.org\/{rel}","templated":true}]}}