{"id":1869,"date":"2023-08-27T14:42:12","date_gmt":"2023-08-27T11:42:12","guid":{"rendered":"https:\/\/hotelanatolia.com\/?page_id=1869"},"modified":"2025-04-30T14:24:25","modified_gmt":"2025-04-30T11:24:25","slug":"surdurulebilirlik-politikasi","status":"publish","type":"page","link":"https:\/\/hotelanatolia.com\/en_us\/about\/surdurulebilirlik-politikasi\/","title":{"rendered":"S\u00fcrd\u00fcr\u00fclebilirlik Politikalar\u0131m\u0131z"},"content":{"rendered":"<section   class=\"fw-main-row  auto  fw-section-position-back\"    >\n\t\t\t<div class=\"fw-container\" >\n\t\t<div class=\"fw-row\">\n\t<div id=\"column-69fcd4b268a8b\" class=\"fw-col-sm-12 tf-sh-b977b61d74f508c8d6fa34a02216738d\" >\n\t<div class=\"fw-wrap-col-inner clearfix  \"   >\n\t\t\t\t<div class=\"fw-col-inner\">\n\t\t\t\t<a href=\"https:\/\/hotelanatolia.com\/wp-content\/uploads\/2025\/04\/01-COCUK-ISTISMARI-VE-TACIZ-POLITIKASI.pdf\" target=\"_blank\" class=\"fw-btn tf-sh-293143af0bcebf17216c8a05d88b7819  fw-btn-md   fw-btn-side-by-side fw-btn-1\"  style=\"\">\n\t\t<span >\n\t\t\t01 \u00c7OCUK \u0130ST\u0130SMARI VE TAC\u0130Z POL\u0130T\u0130KASI\t\t<\/span>\n\t<\/a>\n\t<a href=\"https:\/\/hotelanatolia.com\/wp-content\/uploads\/2025\/04\/01-CHILD-ABUSE-AND-HARASSMENT-POLICY.pdf\" target=\"_blank\" class=\"fw-btn tf-sh-6f7a730af332c7af426c7ec75f906446  fw-btn-md   fw-btn-side-by-side fw-btn-1\"  style=\"\">\n\t\t<span >\n\t\t\t01 CHILD ABUSE AND HARASSMENT POLICY\t\t<\/span>\n\t<\/a>\n\t\t<\/div>\n\t<\/div>\n<\/div><\/div>\n\n<div class=\"fw-row\">\n\t<div id=\"column-69fcd4b269783\" class=\"fw-col-sm-12 tf-sh-fc1337b0dd2d3df0416ce98265ec2af7\" >\n\t<div class=\"fw-wrap-col-inner clearfix  \"   >\n\t\t\t\t<div class=\"fw-col-inner\">\n\t\t\t\t<a href=\"https:\/\/hotelanatolia.com\/wp-content\/uploads\/2025\/04\/02-CEVRE-KORUMA-VE-ATIK-YONETIMI-POLITIKASI.pdf\" target=\"_blank\" class=\"fw-btn tf-sh-61f5d8ba988cb920455c1776b19c6d8c  fw-btn-md   fw-btn-side-by-side fw-btn-1\"  style=\"\">\n\t\t<span >\n\t\t\t02 \u00c7EVRE KORUMA VE ATIK Y\u00d6NET\u0130M\u0130 POL\u0130T\u0130KASI\t\t<\/span>\n\t<\/a>\n\t<a href=\"https:\/\/hotelanatolia.com\/wp-content\/uploads\/2025\/04\/02-ENVIRONMENTAL-PROTECTION-AND-WASTE-MANAGEMENT-POLICY.pdf\" target=\"_blank\" class=\"fw-btn tf-sh-f3f9f689f9002f938dbc654fcf2ae5c8  fw-btn-md   fw-btn-side-by-side fw-btn-1\"  style=\"\">\n\t\t<span >\n\t\t\t02 ENVIRONMENTAL PROTECTION AND WASTE MANAGEMENT POLICY\t\t<\/span>\n\t<\/a>\n\t\t<\/div>\n\t<\/div>\n<\/div><\/div>\n\n<div class=\"fw-row\">\n\t<div id=\"column-69fcd4b26a3c9\" class=\"fw-col-sm-12 tf-sh-4fa99a0406ced00fa74f3018ca4d958c\" >\n\t<div class=\"fw-wrap-col-inner clearfix  \"   >\n\t\t\t\t<div class=\"fw-col-inner\">\n\t\t\t\t<a href=\"https:\/\/hotelanatolia.com\/wp-content\/uploads\/2025\/04\/03-KULTUREL-ETKILESIM.pdf\" target=\"_blank\" class=\"fw-btn tf-sh-94053028b5c2d6158531b0971a36a991  fw-btn-md   fw-btn-side-by-side fw-btn-1\"  style=\"\">\n\t\t<span >\n\t\t\t03 K\u00dcLT\u00dcREL ETK\u0130LE\u015e\u0130M\t\t<\/span>\n\t<\/a>\n\t<a href=\"https:\/\/hotelanatolia.com\/wp-content\/uploads\/2025\/04\/03-CULTURAL-INTERACTION-POLICY.pdf\" target=\"_blank\" class=\"fw-btn tf-sh-f12f0a01e99e9591f589933c568c37a1  fw-btn-md   fw-btn-side-by-side fw-btn-1\"  style=\"\">\n\t\t<span >\n\t\t\t03 CULTURAL INTERACTION POLICY\t\t<\/span>\n\t<\/a>\n\t\t<\/div>\n\t<\/div>\n<\/div><\/div>\n\n<div class=\"fw-row\">\n\t<div id=\"column-69fcd4b26b030\" class=\"fw-col-sm-12 tf-sh-58026af2779cfb78db464a65cb8b5d1f\" >\n\t<div class=\"fw-wrap-col-inner clearfix  \"   >\n\t\t\t\t<div class=\"fw-col-inner\">\n\t\t\t\t<a href=\"https:\/\/hotelanatolia.com\/wp-content\/uploads\/2025\/04\/04-SATINALMA-POLITIKASI.pdf\" target=\"_blank\" class=\"fw-btn tf-sh-42ff1b67acdfda70193ccff1588b09dd  fw-btn-md   fw-btn-side-by-side fw-btn-1\"  style=\"\">\n\t\t<span >\n\t\t\t04 SATINALMA POL\u0130T\u0130KASI\t\t<\/span>\n\t<\/a>\n\t<a href=\"https:\/\/hotelanatolia.com\/wp-content\/uploads\/2025\/04\/04-SUSTAINABLE-PROCUREMENT-POLICY.pdf\" target=\"_blank\" class=\"fw-btn tf-sh-97ae32e6c3d0552176108e1993cf012d  fw-btn-md   fw-btn-side-by-side fw-btn-1\"  style=\"\">\n\t\t<span >\n\t\t\t04 SUSTAINABLE PROCUREMENT POLICY\t\t<\/span>\n\t<\/a>\n\t\t<\/div>\n\t<\/div>\n<\/div><\/div>\n\n<div class=\"fw-row\">\n\t<div id=\"column-69fcd4b26bc62\" class=\"fw-col-sm-12 tf-sh-6923e4baea8cbc6928a3f9499fff667c\" >\n\t<div class=\"fw-wrap-col-inner clearfix  \"   >\n\t\t\t\t<div class=\"fw-col-inner\">\n\t\t\t\t<a href=\"https:\/\/hotelanatolia.com\/wp-content\/uploads\/2025\/04\/05-KADIN-HAKLARI-VE-CINSIYET-ESITLIGI-POLITIKASI.pdf\" target=\"_blank\" class=\"fw-btn tf-sh-d990a383082366e2152bed44f3382618  fw-btn-md   fw-btn-side-by-side fw-btn-1\"  style=\"\">\n\t\t<span >\n\t\t\t05 KADIN HAKLARI VE C\u0130NS\u0130YET E\u015e\u0130TL\u0130\u011e\u0130 POL\u0130T\u0130KASI\t\t<\/span>\n\t<\/a>\n\t<a href=\"https:\/\/hotelanatolia.com\/wp-content\/uploads\/2025\/04\/05-WOMENS-RIGHTS-AND-GENDER-EQUALITY-POLICY.pdf\" target=\"_blank\" class=\"fw-btn tf-sh-6ed4a914091931af90969a8853d2bc37  fw-btn-md   fw-btn-side-by-side fw-btn-1\"  style=\"\">\n\t\t<span >\n\t\t\t05 WOMEN'S RIGHTS AND GENDER EQUALITY POLICY\t\t<\/span>\n\t<\/a>\n\t\t<\/div>\n\t<\/div>\n<\/div><\/div>\n\n<div class=\"fw-row\">\n\t<div id=\"column-69fcd4b26c8bf\" class=\"fw-col-sm-12 tf-sh-89dc3504d49b5afad85bfbf0e9f3e3ae\" >\n\t<div class=\"fw-wrap-col-inner clearfix  \"   >\n\t\t\t\t<div class=\"fw-col-inner\">\n\t\t\t\t<a href=\"https:\/\/hotelanatolia.com\/wp-content\/uploads\/2025\/04\/06-ISE-ALIM-POLITIKASI.pdf\" target=\"_blank\" class=\"fw-btn tf-sh-f5c5612cf2a1af17303369a095fb9d82  fw-btn-md   fw-btn-side-by-side fw-btn-1\"  style=\"\">\n\t\t<span >\n\t\t\t06 \u0130\u015eE ALIM POL\u0130T\u0130KASI\t\t<\/span>\n\t<\/a>\n\t<a href=\"https:\/\/hotelanatolia.com\/wp-content\/uploads\/2025\/04\/06-RECRUITMENT-POLICY.pdf\" target=\"_blank\" class=\"fw-btn tf-sh-92eadabc07d3d3ca4f99ba7ac8fb4512  fw-btn-md   fw-btn-side-by-side fw-btn-1\"  style=\"\">\n\t\t<span >\n\t\t\t06 RECRUITMENT POLICY\t\t<\/span>\n\t<\/a>\n\t\t<\/div>\n\t<\/div>\n<\/div><\/div>\n\n<div class=\"fw-row\">\n\t<div id=\"column-69fcd4b26d4fd\" class=\"fw-col-sm-12 tf-sh-86e51ecea235a27806aedfc92f8339a2\" >\n\t<div class=\"fw-wrap-col-inner clearfix  \"   >\n\t\t\t\t<div class=\"fw-col-inner\">\n\t\t\t\t<a href=\"https:\/\/hotelanatolia.com\/wp-content\/uploads\/2025\/04\/07-SURDURULEBILIRLIK-POLITIKAMIZ.pdf\" target=\"_blank\" class=\"fw-btn tf-sh-02cb610ca7a00ecd375b9782b85a5b47  fw-btn-md   fw-btn-side-by-side fw-btn-1\"  style=\"\">\n\t\t<span >\n\t\t\t07 S\u00dcRD\u00dcR\u00dcLEB\u0130L\u0130RL\u0130K POL\u0130T\u0130KAMIZ\t\t<\/span>\n\t<\/a>\n\t<a href=\"https:\/\/hotelanatolia.com\/wp-content\/uploads\/2025\/04\/07-SUSTAINABILITY-POLICY.pdf\" target=\"_blank\" class=\"fw-btn tf-sh-eb5048216ef10d03b11f14274e407222  fw-btn-md   fw-btn-side-by-side fw-btn-1\"  style=\"\">\n\t\t<span >\n\t\t\t07 SUSTAINABILITY POLICY\t\t<\/span>\n\t<\/a>\n\t\t<\/div>\n\t<\/div>\n<\/div><\/div>\n\n<div class=\"fw-row\">\n\t<div id=\"column-69fcd4b26e261\" class=\"fw-col-sm-12 tf-sh-8e3e3eb330a2b71284aa9522decf6720\" >\n\t<div class=\"fw-wrap-col-inner clearfix  \"   >\n\t\t\t\t<div class=\"fw-col-inner\">\n\t\t\t\t<a href=\"https:\/\/hotelanatolia.com\/wp-content\/uploads\/2025\/04\/08-ENERJI-TUKETIM-POLITIKASI.pdf\" target=\"_blank\" class=\"fw-btn tf-sh-15061e1dbcb08c7ddfeab711962c6e33  fw-btn-md   fw-btn-side-by-side fw-btn-1\"  style=\"\">\n\t\t<span >\n\t\t\t08 ENERJ\u0130 T\u00dcKET\u0130M POL\u0130T\u0130KASI\t\t<\/span>\n\t<\/a>\n\t<a href=\"https:\/\/hotelanatolia.com\/wp-content\/uploads\/2025\/04\/08-ENERGY-CONSUMPTION-POLICY.pdf\" target=\"_blank\" class=\"fw-btn tf-sh-067fdbaee3d417c10a1151b9301a2607  fw-btn-md   fw-btn-side-by-side fw-btn-1\"  style=\"\">\n\t\t<span >\n\t\t\t08 ENERGY CONSUMPTION POLICY\t\t<\/span>\n\t<\/a>\n\t\t<\/div>\n\t<\/div>\n<\/div><\/div>\n\n<div class=\"fw-row\">\n\t<div id=\"column-69fcd4b26eef2\" class=\"fw-col-sm-12 tf-sh-e52ed215336298d49c1342bda8cc007d\" >\n\t<div class=\"fw-wrap-col-inner clearfix  \"   >\n\t\t\t\t<div class=\"fw-col-inner\">\n\t\t\t\t<a href=\"https:\/\/hotelanatolia.com\/wp-content\/uploads\/2025\/04\/09-SU-TASARRUFU-POLITIKASI.pdf\" target=\"_blank\" class=\"fw-btn tf-sh-7ad7ec0650f5e57ff539a2b40aaa9b56  fw-btn-md   fw-btn-side-by-side fw-btn-1\"  style=\"\">\n\t\t<span >\n\t\t\t09 SU TASARRUFU POL\u0130T\u0130KASI\t\t<\/span>\n\t<\/a>\n\t<a href=\"https:\/\/hotelanatolia.com\/wp-content\/uploads\/2025\/04\/09-WATER-CONSERVATION-POLICY.pdf\" target=\"_blank\" class=\"fw-btn tf-sh-246261ef061240cc52da907c505a625b  fw-btn-md   fw-btn-side-by-side fw-btn-1\"  style=\"\">\n\t\t<span >\n\t\t\t09 WATER CONSERVATION POLICY\t\t<\/span>\n\t<\/a>\n\t\t<\/div>\n\t<\/div>\n<\/div><\/div>\n\n<div class=\"fw-row\">\n\t<div id=\"column-69fcd4b26fb59\" class=\"fw-col-sm-12 tf-sh-18ff8eff8f5ce3622fb76bf229f911e6\" >\n\t<div class=\"fw-wrap-col-inner clearfix  \"   >\n\t\t\t\t<div class=\"fw-col-inner\">\n\t\t\t\t<a href=\"https:\/\/hotelanatolia.com\/wp-content\/uploads\/2025\/04\/10-BIYOCESITLILIGIN-KORUNMASI-POLITIKASI.pdf\" target=\"_blank\" class=\"fw-btn tf-sh-c4a0228ac15722016f3dec198c29a825  fw-btn-md   fw-btn-side-by-side fw-btn-1\"  style=\"\">\n\t\t<span >\n\t\t\t10 B\u0130YO\u00c7E\u015e\u0130TL\u0130L\u0130\u011e\u0130N KORUNMASI POL\u0130T\u0130KASI\t\t<\/span>\n\t<\/a>\n\t<a href=\"https:\/\/hotelanatolia.com\/wp-content\/uploads\/2025\/04\/10-BIODIVERSITY-CONSERVATION-POLICY.pdf\" target=\"_blank\" class=\"fw-btn tf-sh-f3e3b9dfe5fba8ab400ff927c00332cf  fw-btn-md   fw-btn-side-by-side fw-btn-1\"  style=\"\">\n\t\t<span >\n\t\t\t10 BIODIVERSITY CONSERVATION POLICY\t\t<\/span>\n\t<\/a>\n\t\t<\/div>\n\t<\/div>\n<\/div><\/div>\n\n<div class=\"fw-row\">\n\t<div id=\"column-69fcd4b2707a2\" class=\"fw-col-sm-12 tf-sh-6a75c52f7b65ff0bc451e3185f3054b6\" >\n\t<div class=\"fw-wrap-col-inner clearfix  \"   >\n\t\t\t\t<div class=\"fw-col-inner\">\n\t\t\t\t<a href=\"https:\/\/hotelanatolia.com\/wp-content\/uploads\/2025\/04\/11-VAHSI-YASAMIN-IZLENMESI-VE-YABAN-HAYATI-POLITIKAMIZ.pdf\" target=\"_blank\" class=\"fw-btn tf-sh-707d7f5b08eaecdad6a697277abf60cf  fw-btn-md   fw-btn-side-by-side fw-btn-1\"  style=\"\">\n\t\t<span >\n\t\t\t11 VAH\u015e\u0130 YA\u015eAMIN \u0130ZLENMES\u0130 VE YABAN HAYATI POL\u0130T\u0130KAMIZ\t\t<\/span>\n\t<\/a>\n\t<a href=\"https:\/\/hotelanatolia.com\/wp-content\/uploads\/2025\/04\/11-WILDLIFE-MONITORING-AND-CONSERVATION-POLICY.pdf\" target=\"_blank\" class=\"fw-btn tf-sh-2d71441292e3dac2be0c8b3641ff0608  fw-btn-md   fw-btn-side-by-side fw-btn-1\"  style=\"\">\n\t\t<span >\n\t\t\t11 WILDLIFE MONITORING AND CONSERVATION POLICY\t\t<\/span>\n\t<\/a>\n\t\t<\/div>\n\t<\/div>\n<\/div><\/div>\n\n<div class=\"fw-row\">\n\t<div id=\"column-69fcd4b271456\" class=\"fw-col-sm-12 tf-sh-95c9133ce9be9c7aa010fb7b9df16f9b\" >\n\t<div class=\"fw-wrap-col-inner clearfix  \"   >\n\t\t\t\t<div class=\"fw-col-inner\">\n\t\t\t<div class=\"fw-text-box tf-sh-88fc00511cfb0a4457f547fb4a5495fd \" >\n\t<div class=\"fw-text-inner\">\n\t\t<p>[gravityform id=\"1\" title=\"true\"]<\/p>\n\t<\/div>\n<\/div>\t\t<\/div>\n\t<\/div>\n<\/div><\/div>\n\n<div class=\"fw-row\">\n\t<div id=\"column-69fcd4b271dde\" class=\"fw-col-sm-12 tf-sh-06e6ab52206f66546e0e757de4dbf320\" >\n\t<div class=\"fw-wrap-col-inner clearfix  \"   >\n\t\t\t\t<div class=\"fw-col-inner\">\n\t\t\t<div class=\"fw-raw-code \">\n\t.fw-section-space-md .fw-main-row-custom .fw-container, .fw-section-space-md .fw-main-row .fw-container, .fw-section-space-md .fw-main-row-custom .fw-container-fluid, .fw-section-space-md .fw-main-row .fw-container-fluid {\n    padding-top: 50px!important;\n    padding-bottom: 50px!important;\n}<\/div>\t\t<\/div>\n\t<\/div>\n<\/div><\/div>\n\n\t<\/div>\n\t<\/section>\n","protected":false},"excerpt":{"rendered":"<p>01 \u00c7OCUK \u0130ST\u0130SMARI VE TAC\u0130Z POL\u0130T\u0130KASI 01 CHILD ABUSE AND HARASSMENT POLICY 02 \u00c7EVRE KORUMA VE ATIK Y\u00d6NET\u0130M\u0130 POL\u0130T\u0130KASI 02 ENVIRONMENTAL PROTECTION AND WASTE MANAGEMENT POLICY 03 K\u00dcLT\u00dcREL ETK\u0130LE\u015e\u0130M 03 CULTURAL INTERACTION POLICY 04 SATINALMA POL\u0130T\u0130KASI 04 SUSTAINABLE PROCUREMENT POLICY 05 KADIN HAKLARI VE C\u0130NS\u0130YET E\u015e\u0130TL\u0130\u011e\u0130 POL\u0130T\u0130KASI 05 WOMEN&#8217;S RIGHTS AND GENDER EQUALITY POLICY 06 [&hellip;]<\/p>\n","protected":false},"author":1,"featured_media":0,"parent":22,"menu_order":0,"comment_status":"closed","ping_status":"closed","template":"brizy-blank-template.php","meta":{"om_disable_all_campaigns":false,"footnotes":""},"class_list":["post-1869","page","type-page","status-publish","hentry"],"aioseo_notices":[],"brizy_media":[],"_links":{"self":[{"href":"https:\/\/hotelanatolia.com\/en_us\/wp-json\/wp\/v2\/pages\/1869","targetHints":{"allow":["GET"]}}],"collection":[{"href":"https:\/\/hotelanatolia.com\/en_us\/wp-json\/wp\/v2\/pages"}],"about":[{"href":"https:\/\/hotelanatolia.com\/en_us\/wp-json\/wp\/v2\/types\/page"}],"author":[{"embeddable":true,"href":"https:\/\/hotelanatolia.com\/en_us\/wp-json\/wp\/v2\/users\/1"}],"replies":[{"embeddable":true,"href":"https:\/\/hotelanatolia.com\/en_us\/wp-json\/wp\/v2\/comments?post=1869"}],"version-history":[{"count":43,"href":"https:\/\/hotelanatolia.com\/en_us\/wp-json\/wp\/v2\/pages\/1869\/revisions"}],"predecessor-version":[{"id":2128,"href":"https:\/\/hotelanatolia.com\/en_us\/wp-json\/wp\/v2\/pages\/1869\/revisions\/2128"}],"up":[{"embeddable":true,"href":"https:\/\/hotelanatolia.com\/en_us\/wp-json\/wp\/v2\/pages\/22"}],"wp:attachment":[{"href":"https:\/\/hotelanatolia.com\/en_us\/wp-json\/wp\/v2\/media?parent=1869"}],"curies":[{"name":"wp","href":"https:\/\/api.w.org\/{rel}","templated":true}]}}