{"id":2042,"date":"2025-04-29T17:10:37","date_gmt":"2025-04-29T14:10:37","guid":{"rendered":"https:\/\/hotelanatolia.com\/?page_id=2042"},"modified":"2025-04-29T17:14:55","modified_gmt":"2025-04-29T14:14:55","slug":"hotel-anatolia-degerlendirme-anketi","status":"publish","type":"page","link":"https:\/\/hotelanatolia.com\/en_us\/about\/hotel-anatolia-degerlendirme-anketi\/","title":{"rendered":"Hotel Anatolia De\u011ferlendirme Anketi"},"content":{"rendered":"<p><section   class=\"fw-main-row-custom fw-main-row-top fw-section-no-padding  fw_theme_bg_fw-custom fw-section-image fw-section-height-custom  fw-section-position-back tf-sh-0427b7c6c59618cbd33a2e564bb5cafc\"  style=\" background-image:url(https:\/\/hotelanatolia.com\/wp-content\/uploads\/2017\/03\/anatolia-hotel-4.jpg); background-repeat: no-repeat; background-position: center bottom; background-size: cover; height: 460px;\"  >\n\t\t\t<div class=\"fw-container-fluid\" >\n\t\t<div class=\"fw-row\">\n\t<div id=\"column-69f27a9826506\" class=\"fw-col-sm-12 tf-sh-18b8432e0468f1415a3ae419b7822d33  fw-animated-element fw-col-no-padding\" data-animation-type=\"fadeInUp\" data-animation-delay=\"300\">\n\t<div class=\"fw-wrap-col-inner clearfix  \"   >\n\t\t\t\t<div class=\"fw-col-inner\">\n\t\t\t<div class=\"fw-heading fw-heading-center  fw-heading-with-subtitle tf-sh-277ab0ddd26e64a702509b6a58d9f9c2\" >\n\t\t\t<h1 class=\"fw-special-title\">Hotel Anatolia De\u011ferlendirme Anketi<\/h1>\n\t\n\t\n\t\t\t<div class=\"fw-special-subtitle\">G\u00f6r\u00fc\u015f ve \u00f6nerilerinize de\u011fer veriyoruz. <\/div>\n\t<\/div>\t\t<\/div>\n\t<\/div>\n<\/div><\/div>\n\n\t<\/div>\n\t<\/section><section   class=\"fw-main-row-custom fw-section-no-padding  auto  fw-section-position-back tf-sh-d3643a417170c89d501b5e4786537ca6\"    >\n\t\t\t<div class=\"fw-container\" >\n\t\t<div class=\"fw-row\">\n\t<div id=\"column-69f27a9827b31\" class=\"fw-col-sm-12 tf-sh-d79120c33b8acc9e9f43f19dc5586574 contact-form fw-animated-element\" data-animation-type=\"fadeInUp\" data-animation-delay=\"300\">\n\t<div class=\"fw-wrap-col-inner clearfix  \"   >\n\t\t\t\t<div class=\"fw-col-inner\">\n\t\t\t<div class=\"fw-divider-space  fw-custom-space  fw-mobile-hide-element clearfix\" style=\"height:40px;\" ><\/div>[fw_gravityforms id=&#8221;3&#8243; title=&#8221;true&#8221; description=&#8221;true&#8221; ajax=&#8221;false&#8221; tabindex=&#8221;&#8221; _made_with_builder=&#8221;true&#8221;][\/fw_gravityforms]<div class=\"fw-divider-space  fw-custom-space  fw-mobile-hide-element clearfix\" style=\"height:140px;\" ><\/div>\t\t<\/div>\n\t<\/div>\n<\/div><\/div>\n\n\t<\/div>\n\t<\/section><\/p>\n","protected":false},"excerpt":{"rendered":"<p>Hotel Anatolia De\u011ferlendirme Anketi G\u00f6r\u00fc\u015f ve \u00f6nerilerinize de\u011fer veriyoruz. [fw_gravityforms id=&#8221;3&#8243; title=&#8221;true&#8221; description=&#8221;true&#8221; ajax=&#8221;false&#8221; tabindex=&#8221;&#8221; _made_with_builder=&#8221;true&#8221;][\/fw_gravityforms]<\/p>\n","protected":false},"author":1,"featured_media":0,"parent":22,"menu_order":0,"comment_status":"closed","ping_status":"closed","template":"visual-builder-template.php","meta":{"om_disable_all_campaigns":false,"footnotes":""},"class_list":["post-2042","page","type-page","status-publish","hentry"],"aioseo_notices":[],"brizy_media":[],"_links":{"self":[{"href":"https:\/\/hotelanatolia.com\/en_us\/wp-json\/wp\/v2\/pages\/2042","targetHints":{"allow":["GET"]}}],"collection":[{"href":"https:\/\/hotelanatolia.com\/en_us\/wp-json\/wp\/v2\/pages"}],"about":[{"href":"https:\/\/hotelanatolia.com\/en_us\/wp-json\/wp\/v2\/types\/page"}],"author":[{"embeddable":true,"href":"https:\/\/hotelanatolia.com\/en_us\/wp-json\/wp\/v2\/users\/1"}],"replies":[{"embeddable":true,"href":"https:\/\/hotelanatolia.com\/en_us\/wp-json\/wp\/v2\/comments?post=2042"}],"version-history":[{"count":4,"href":"https:\/\/hotelanatolia.com\/en_us\/wp-json\/wp\/v2\/pages\/2042\/revisions"}],"predecessor-version":[{"id":2046,"href":"https:\/\/hotelanatolia.com\/en_us\/wp-json\/wp\/v2\/pages\/2042\/revisions\/2046"}],"up":[{"embeddable":true,"href":"https:\/\/hotelanatolia.com\/en_us\/wp-json\/wp\/v2\/pages\/22"}],"wp:attachment":[{"href":"https:\/\/hotelanatolia.com\/en_us\/wp-json\/wp\/v2\/media?parent=2042"}],"curies":[{"name":"wp","href":"https:\/\/api.w.org\/{rel}","templated":true}]}}