{"id":25,"date":"2017-02-23T15:22:12","date_gmt":"2017-02-23T12:22:12","guid":{"rendered":"http:\/\/hotelanatolia.com\/?page_id=25"},"modified":"2025-04-29T17:07:35","modified_gmt":"2025-04-29T14:07:35","slug":"iletisim","status":"publish","type":"page","link":"https:\/\/hotelanatolia.com\/en_us\/iletisim\/","title":{"rendered":"CONTACT"},"content":{"rendered":"<p><section   class=\"fw-main-row-custom fw-main-row-top fw-section-no-padding  fw_theme_bg_fw-custom fw-section-image fw-section-height-custom  fw-section-position-back tf-sh-0427b7c6c59618cbd33a2e564bb5cafc\"  style=\" background-image:url(https:\/\/hotelanatolia.com\/wp-content\/uploads\/2017\/03\/anatolia-hotel-4.jpg); background-repeat: no-repeat; background-position: center bottom; background-size: cover; height: 560px;\"  >\n\t\t\t<div class=\"fw-container-fluid\" >\n\t\t<div class=\"fw-row\">\n\t<div id=\"column-69f27c0c0163d\" class=\"fw-col-sm-12 tf-sh-18b8432e0468f1415a3ae419b7822d33  fw-animated-element fw-col-no-padding\" data-animation-type=\"fadeInUp\" data-animation-delay=\"300\">\n\t<div class=\"fw-wrap-col-inner clearfix\"   >\n\t\t\t\t<div class=\"fw-col-inner\">\n\t\t\t<div class=\"fw-heading fw-heading-center  fw-heading-with-subtitle tf-sh-277ab0ddd26e64a702509b6a58d9f9c2\" >\n\t\t\t<h1 class=\"fw-special-title\">\u0130leti\u015fim<\/h1>\n\t\n\t\n\t\t\t<div class=\"fw-special-subtitle\">G\u00f6r\u00fc\u015f ve \u00f6nerilerinize de\u011fer veriyoruz. <\/div>\n\t<\/div>\t\t<\/div>\n\t<\/div>\n<\/div><\/div>\n\n\t<\/div>\n\t<\/section><section   class=\"fw-main-row-custom fw-section-no-padding  auto  fw-section-position-back tf-sh-d3643a417170c89d501b5e4786537ca6\"    >\n\t\t\t<div class=\"fw-container\" >\n\t\t<div class=\"fw-row\">\n\t<div id=\"column-69f27c0c0251d\" class=\"fw-col-sm-12 tf-sh-d79120c33b8acc9e9f43f19dc5586574 contact-form fw-animated-element\" data-animation-type=\"fadeInUp\" data-animation-delay=\"300\">\n\t<div class=\"fw-wrap-col-inner clearfix\"   >\n\t\t\t\t<div class=\"fw-col-inner\">\n\t\t\t<div class=\"fw-divider-space  fw-custom-space  fw-mobile-hide-element clearfix\" style=\"height:140px;\" ><\/div><div class=\"fw-heading fw-heading-left  tf-sh-9fff14c94cd8b0a262d195780c2c6c2d\" >\n\t\t\t<h3 class=\"fw-special-title\">A\u015fa\u011f\u0131daki bilgileri doldurarak<br> bizimle ileti\u015fime ge\u00e7ebilirsiniz.<\/h3>\n\t\n\t\n\t<\/div><div class=\"fw-contact-form tf-sh-de682c4fdac962b07ab22f64ca3b9190\" data-redirect-page=\"\">\n\t<div class=\"fw-row wrap-forms wrap-contact-forms\">\n\t\t<form data-fw-form-id=\"fw_form\" method=\"post\" action=\"https:\/\/hotelanatolia.com\/en_us\/wp-json\/wp\/v2\/pages\/25\" class=\"fw_form_fw_form\" data-fw-ext-forms-type=\"contact-forms\" data-trp-original-action=\"https:\/\/hotelanatolia.com\/en_us\/wp-json\/wp\/v2\/pages\/25\"  ><input type=\"hidden\" name=\"fwf\" value=\"fw_form\" \/><input type=\"hidden\" id=\"_nonce_c10faec2999b9157238df917326a658d\" name=\"_nonce_c10faec2999b9157238df917326a658d\" value=\"b15015255d\" \/><input type=\"hidden\" name=\"_wp_http_referer\" value=\"\/en_us\/wp-json\/wp\/v2\/pages\/25\" \/><input type=\"hidden\" name=\"fw_ext_forms_form_type\" value=\"contact-forms\" \/><input type=\"hidden\" name=\"fw_ext_forms_form_id\" value=\"de682c4fdac962b07ab22f64ca3b9190\" \/><div class=\"fw-row\"><\/div><div class=\"fw-row\"><div class=\"fw-col-xs-12 fw-col-sm-6 form-builder-item\">\n\t<div class=\"field-text\">\n\t\t\t\t\t<label for=\"id-1\">Ad\u0131n\u0131z\t\t\t\t<sup>*<\/sup>\t\t\t<\/label>\n\t\t\t\t<input type=\"text\" name=\"text_670b5e4\" placeholder=\"\" value=\"\" id=\"id-1\" class=\"required\" >\n\t\t\t<\/div>\n<\/div><div class=\"fw-col-xs-12 fw-col-sm-6 form-builder-item\">\n\t<div class=\"field-text\">\n\t\t\t\t\t<label for=\"id-2\">Soyad\u0131n\u0131z\t\t\t\t<sup>*<\/sup>\t\t\t<\/label>\n\t\t\t\t<input type=\"text\" name=\"text_af3f4e4\" placeholder=\"\" value=\"\" id=\"id-2\" class=\"required\" >\n\t\t\t<\/div>\n<\/div><\/div><div class=\"fw-row\"><div class=\"fw-col-xs-12 fw-col-sm-6 form-builder-item\">\n\t<div class=\"field-text\">\n\t\t\t\t\t<label for=\"id-3\">Telefonunuz\t\t\t\t<sup>*<\/sup>\t\t\t<\/label>\n\t\t\t\t<input type=\"text\" name=\"number_b9183ae\" placeholder=\"xxxxxxxxxx\" value=\"\" id=\"id-3\" class=\"required\" >\n\t\t\t<\/div>\n<\/div><div class=\"fw-col-xs-12 fw-col-sm-6 form-builder-item\">\n\t<div class=\"field-text\">\n\t\t\t\t\t<label for=\"id-4\">Eposta adresiniz\t\t\t\t<sup>*<\/sup>\t\t\t<\/label>\n\t\t\t\t<input type=\"text\" name=\"email_daaab78\" placeholder=\"abc@abc.com\" value=\"\" id=\"id-4\" class=\"required\" >\n\t\t\t<\/div>\n<\/div><\/div><div class=\"fw-row\"><div class=\"fw-col-xs-12 form-builder-item\">\n\t<div class=\"field-text\">\n\t\t\t\t\t<label for=\"id-5\">Konu\t\t\t\t\t\t\t<\/label>\n\t\t\t\t<input type=\"text\" name=\"text_a4af02f\" placeholder=\"\" value=\"\" id=\"id-5\" >\n\t\t\t<\/div>\n<\/div><\/div><div class=\"fw-row\"><div class=\"fw-col-xs-12 form-builder-item\">\n\t<div class=\"field-textarea\">\n\t\t\t\t\t<label for=\"id-6\">Mesaj\u0131n\u0131z\t\t\t\t\t\t\t<\/label>\n\t\t\t\t<textarea name=\"textarea_169b0b6\" placeholder=\"L\u00fctfen Mesaj\u0131n\u0131z\u0131 Buraya Yaz\u0131n\u0131z\" id=\"id-6\" ><\/textarea>\n\t\t\t<\/div>\n<\/div><\/div><div class=\"fw-row\"><\/div><div class=\"fw-row\">\n\t\t\t<div class=\"fw-col-sm-12 field-submit text-center\">\n\t\t\t<button type=\"submit\" class=\"fw-btn  fw-btn-lg fw-btn-1\" style=\"\">\n\t\t\t\t<span>\n\t\t\t\t\t\t\t\t\t\t\t\u00a0 MESAJI G\u00d6NDER \u00a0\t\t\t\t\t\t\t\t\t<\/span>\n\t\t\t<\/button>\n\t\t<\/div>\n\t<\/div><input type=\"hidden\" name=\"trp-form-language\" value=\"en_us\"\/><\/form>\t<\/div>\n<\/div><div class=\"fw-divider-space  fw-custom-space  fw-mobile-hide-element clearfix\" style=\"height:140px;\" ><\/div>\t\t<\/div>\n\t<\/div>\n<\/div><\/div>\n\n\t<\/div>\n\t<\/section><section   class=\"fw-main-row-custom fw-section-no-padding  fw_theme_bg_fw-custom fw-section-image auto  fw-tablet-landscape-hide-element fw-tablet-hide-element fw-mobile-hide-element fw-section-position-back tf-sh-1810bc28938a31f1af6afd973a063b0d\"  style=\" background-image:url(\/\/hotelanatolia.com\/wp-content\/uploads\/2017\/03\/address-bg.jpg); background-repeat: no-repeat; background-position: left bottom; background-size: auto;\"  >\n\t\t\t<div class=\"fw-container-fluid\" >\n\t\t<div class=\"fw-row\">\n\t<div id=\"column-69f27c0c0520a\" class=\"fw-col-sm-2 tf-sh-1fe0c15b138b9133e3e184f571c83aa8\" >\n\t<div class=\"fw-wrap-col-inner clearfix\"   >\n\t\t\t\t<div class=\"fw-col-inner\">\n\t\t\t\t\t<\/div>\n\t<\/div>\n<\/div><div id=\"column-69f27c0c05523\" class=\"fw-col-sm-4 tf-sh-4bee8ea3a101e440fe2b758f05e91ebd  fw-animated-element\" data-animation-type=\"fadeInUp\" data-animation-delay=\"300\">\n\t<div class=\"fw-wrap-col-inner clearfix\"   >\n\t\t\t\t<div class=\"fw-col-inner\">\n\t\t\t<div class=\"fw-heading fw-heading-left  tf-sh-81d1c2ccc535c55325a6e4afb4ef7c42\" >\n\t\t\t<h3 class=\"fw-special-title\">Adres:<\/h3>\n\t\n\t\n\t<\/div><div class=\"fw-divider-space  fw-custom-space  clearfix\" style=\"height:20px;\" ><\/div><div class=\"fw-text-box tf-sh-50afc1f188e9aa18eb1ef4b5c7ceb391\" >\n\t<div class=\"fw-text-inner\">\n\t\t<p>Resepsiyon:\u00a0<span style=\"color: black;\">+90 224 600 16 16<\/span><br \/>Mail: <a style=\"color: #6f6fcb;\" href=\"mailto:anatolia@hotelanatolia.com\">anatolia@hotelanatolia.com<\/a><\/p>\n\t<\/div>\n<\/div>\t\t<\/div>\n\t<\/div>\n<\/div><div id=\"column-69f27c0c06173\" class=\"fw-col-sm-4 tf-sh-610014d9feb6db1f49d2c01330781025 map-adjustment fw-animated-element\" data-animation-type=\"fadeInUp\" data-animation-delay=\"500\">\n\t<div class=\"fw-wrap-col-inner clearfix\"   >\n\t\t\t\t<div class=\"fw-col-inner\">\n\t\t\t<div class=\"fw-raw-code\">\n\t<iframe src=\"https:\/\/www.google.com\/maps\/embed?pb=!1m18!1m12!1m3!1d3047.293244209102!2d29.019946811779427!3d40.202539468528556!2m3!1f0!2f0!3f0!3m2!1i1024!2i768!4f13.1!3m3!1m2!1s0x14ca15de01dfa41f%3A0x65fb5a3f751f7030!2sHotel%20Anatolia!5e0!3m2!1str!2str!4v1726751469402!5m2!1str!2str\" width=\"100%\" height=\"450\" style=\"border:0;\" allowfullscreen=\"\" loading=\"lazy\" referrerpolicy=\"no-referrer-when-downgrade\"><\/iframe><\/div>\t\t<\/div>\n\t<\/div>\n<\/div><div id=\"column-69f27c0c066f0\" class=\"fw-col-sm-2 tf-sh-fa14bc9665cb72be090996b23af54999\" >\n\t<div class=\"fw-wrap-col-inner clearfix\"   >\n\t\t\t\t<div class=\"fw-col-inner\">\n\t\t\t\t\t<\/div>\n\t<\/div>\n<\/div><\/div>\n\n<div class=\"fw-row\">\n\t<div id=\"column-69f27c0c06d58\" class=\"fw-col-sm-2 tf-sh-d1286a2137a9794c888896ab3eaa0204\" >\n\t<div class=\"fw-wrap-col-inner clearfix\"   >\n\t\t\t\t<div class=\"fw-col-inner\">\n\t\t\t\t\t<\/div>\n\t<\/div>\n<\/div><\/div>\n\n<div class=\"fw-row\">\n\t<div id=\"column-69f27c0c073bb\" class=\"fw-col-sm-12 tf-sh-cf90878318cd583faab1c5590f18c6d6\" >\n\t<div class=\"fw-wrap-col-inner clearfix\"   >\n\t\t\t\t<div class=\"fw-col-inner\">\n\t\t\t<div class=\"fw-divider-space  fw-custom-space  clearfix\" style=\"height:75px;\" ><\/div>\t\t<\/div>\n\t<\/div>\n<\/div><\/div>\n\n\t<\/div>\n\t<\/section><\/p>","protected":false},"excerpt":{"rendered":"<p>\u0130leti\u015fim G\u00f6r\u00fc\u015f ve \u00f6nerilerinize de\u011fer veriyoruz. A\u015fa\u011f\u0131daki bilgileri doldurarak bizimle ileti\u015fime ge\u00e7ebilirsiniz. Ad\u0131n\u0131z * Soyad\u0131n\u0131z * Telefonunuz * Eposta adresiniz * Konu Mesaj\u0131n\u0131z \u00a0 MESAJI G\u00d6NDER \u00a0 Adres: Resepsiyon:\u00a0+90 224 600 16 16Mail: anatolia@hotelanatolia.com<\/p>","protected":false},"author":1,"featured_media":0,"parent":0,"menu_order":0,"comment_status":"closed","ping_status":"closed","template":"visual-builder-template.php","meta":{"om_disable_all_campaigns":false,"footnotes":""},"class_list":["post-25","page","type-page","status-publish","hentry"],"aioseo_notices":[],"brizy_media":[],"_links":{"self":[{"href":"https:\/\/hotelanatolia.com\/en_us\/wp-json\/wp\/v2\/pages\/25","targetHints":{"allow":["GET"]}}],"collection":[{"href":"https:\/\/hotelanatolia.com\/en_us\/wp-json\/wp\/v2\/pages"}],"about":[{"href":"https:\/\/hotelanatolia.com\/en_us\/wp-json\/wp\/v2\/types\/page"}],"author":[{"embeddable":true,"href":"https:\/\/hotelanatolia.com\/en_us\/wp-json\/wp\/v2\/users\/1"}],"replies":[{"embeddable":true,"href":"https:\/\/hotelanatolia.com\/en_us\/wp-json\/wp\/v2\/comments?post=25"}],"version-history":[{"count":2,"href":"https:\/\/hotelanatolia.com\/en_us\/wp-json\/wp\/v2\/pages\/25\/revisions"}],"predecessor-version":[{"id":2000,"href":"https:\/\/hotelanatolia.com\/en_us\/wp-json\/wp\/v2\/pages\/25\/revisions\/2000"}],"wp:attachment":[{"href":"https:\/\/hotelanatolia.com\/en_us\/wp-json\/wp\/v2\/media?parent=25"}],"curies":[{"name":"wp","href":"https:\/\/api.w.org\/{rel}","templated":true}]}}