{"id":810,"date":"2018-05-15T22:48:21","date_gmt":"2018-05-15T19:48:21","guid":{"rendered":"http:\/\/hotelanatolia.com\/?page_id=810"},"modified":"2025-06-10T14:33:55","modified_gmt":"2025-06-10T11:33:55","slug":"spa-otel","status":"publish","type":"page","link":"https:\/\/hotelanatolia.com\/en_us\/spa-otel\/","title":{"rendered":"SPA OTEL"},"content":{"rendered":"<p><section   class=\"fw-main-row-custom fw-main-row-top fw-section-no-padding fw-content-overlay-custom fw-section-image fw-section-height-custom fw-content-vertical-align-middle fw-section-position-back tf-sh-0427b7c6c59618cbd33a2e564bb5cafc\"  style=\"margin-bottom:0px; background-image:url(https:\/\/hotelanatolia.com\/wp-content\/uploads\/2025\/06\/header-22.jpg); background-repeat: no-repeat; background-position: center top; background-size: cover; background-color:#190000; height: 560px;\"  >\n\t\t<div class=\"fw-main-row-overlay\" style=\"background-color: #190000; opacity: 0.36;\"><\/div>\t<div class=\"fw-container-fluid\" >\n\t\t<div class=\"fw-row\">\n\t<div id=\"column-69f27d1f45c5a\" class=\"fw-col-sm-12 tf-sh-18b8432e0468f1415a3ae419b7822d33  fw-animated-element fw-col-no-padding\" data-animation-type=\"fadeInUp\" data-animation-delay=\"300\">\n\t<div class=\"fw-wrap-col-inner clearfix\"   >\n\t\t\t\t<div class=\"fw-col-inner\">\n\t\t\t<div class=\"fw-heading fw-heading-center  fw-heading-with-subtitle tf-sh-277ab0ddd26e64a702509b6a58d9f9c2\" >\n\t\t\t<h1 class=\"fw-special-title\">\u015eifa ve Huzurun Yeni Adresi<\/h1>\n\t\n\t\n\t\t\t<div class=\"fw-special-subtitle\">PRIVATE SPA Art\u0131k Hizmetinizde!<\/div>\n\t<\/div>\t\t<\/div>\n\t<\/div>\n<\/div><\/div>\n\n\t<\/div>\n\t<\/section><section   class=\"fw-main-row-custom fw-section-no-padding  auto  fw-section-position-back tf-sh-2a24729400113cf7c2ac056d488aacd5\"    >\n\t\t\t<div class=\"fw-container\" >\n\t\t<div class=\"fw-row\">\n\t<div id=\"column-69f27d1f46b69\" class=\"fw-col-sm-12 tf-sh-3577f77f733188f01f6858a5183142de\" >\n\t<div class=\"fw-wrap-col-inner clearfix\"   >\n\t\t\t\t<div class=\"fw-col-inner\">\n\t\t\t<div class=\"fw-divider-space  fw-custom-space  fw-mobile-hide-element clearfix\" style=\"height:90px;\" ><\/div><div class=\"fw-text-box tf-sh-78b4e860daee041c1597fa210a9e937b\" >\n\t<div class=\"fw-text-inner\">\n\t\t<p>Ailenizle birlikte \u00f6zel ve konforlu bir spa\/hamam deneyimi ya\u015fay\u0131n.<br \/>Geleneksel dokunu\u015flar, modern konfor ve benzersiz bir atmosfer sizleri bekliyor!<br \/>Rezervasyon i\u00e7in: 0536 743 55 08<\/p>\n\t<\/div>\n<\/div><div class=\"fw-divider-space  fw-custom-space  fw-mobile-hide-element clearfix\" style=\"height:50px;\" ><\/div>\t\t<\/div>\n\t<\/div>\n<\/div><\/div>\n\n<div class=\"fw-row\">\n\t<div id=\"column-69f27d1f47b2a\" class=\"fw-col-sm-4 tf-sh-2640582917a35ea2bf1157b4e533c650  fw-animated-element\" data-animation-type=\"fadeInUp\" data-animation-delay=\"300\">\n\t<div class=\"fw-wrap-col-inner clearfix\"   >\n\t\t\t\t<div class=\"fw-col-inner\">\n\t\t\t\n\t\t\t        \t\t<div class=\"fw-block-image-parent fw-overlay-1 fw-block-image-icon\"  style=\"width: 100%; \">\n            \t\t\t<a class=\"fw-block-image-child fw-noratio fw-ratio-container\" href=\"\/\/hotelanatolia.com\/wp-content\/uploads\/2025\/06\/HOTEL-anatolia-spa-3.jpg\" data-rel=\"prettyPhoto\" rel=\"prettyPhoto\">\n\t\t\t\t<noscript itemscope itemtype=\"https:\/\/schema.org\/ImageObject\" itemprop=\"image\"><img decoding=\"async\" src=\"https:\/\/hotelanatolia.com\/wp-content\/uploads\/2025\/06\/HOTEL-anatolia-spa-3.jpg\"  alt=\"HOTEL-anatolia-spa\" data-maxdpr=\"1.7\" class=\"lazyload\" \/><meta itemprop=\"url\" content=\"https:\/\/hotelanatolia.com\/wp-content\/uploads\/2025\/06\/HOTEL-anatolia-spa-3.jpg\"><meta itemprop=\"width\" content=\"1600\"><meta itemprop=\"height\" content=\"2000\"><\/noscript><img decoding=\"async\" src=\"data:image\/gif;base64,R0lGODlhAQABAIAAAAAAAP\/\/\/yH5BAEAAAAALAAAAAABAAEAAAIBRAA7\" data-sizes=\"auto\" data-srcset=\"https:\/\/hotelanatolia.com\/wp-content\/uploads\/2025\/06\/HOTEL-anatolia-spa-3.jpg\"   alt=\"HOTEL-anatolia-spa\" data-maxdpr=\"1.7\" class=\"lazyload\" \/><span class=\"fw-after-no-ratio\" style=\"padding-bottom: 125%\"><\/span>\t\t\t\t                                    <div class=\"fw-block-image-overlay\">\n                        <div class=\"fw-itable\">\n                            <div class=\"fw-icell\">\n                                <i class=\"fw-icon-zoom\"><\/i>\n                            <\/div>\n                        <\/div>\n                    <\/div>\n                \t\t\t<\/a>\n            \t\t<\/div>\n\n\t\n\t\t<\/div>\n\t<\/div>\n<\/div><div id=\"column-69f27d1f49734\" class=\"fw-col-sm-4 tf-sh-b931951f8c038257a5db646a6eb35c8b  fw-animated-element\" data-animation-type=\"fadeInUp\" data-animation-delay=\"500\">\n\t<div class=\"fw-wrap-col-inner clearfix\"   >\n\t\t\t\t<div class=\"fw-col-inner\">\n\t\t\t\n\t\t\t        \t\t<div class=\"fw-block-image-parent fw-overlay-1 fw-block-image-icon\"  style=\"width: 100%; \">\n            \t\t\t<a class=\"fw-block-image-child fw-noratio fw-ratio-container\" href=\"\/\/hotelanatolia.com\/wp-content\/uploads\/2025\/06\/HOTEL-anatolia-spa-2.jpg\" data-rel=\"prettyPhoto\" rel=\"prettyPhoto\">\n\t\t\t\t<noscript itemscope itemtype=\"https:\/\/schema.org\/ImageObject\" itemprop=\"image\"><img decoding=\"async\" src=\"https:\/\/hotelanatolia.com\/wp-content\/uploads\/2025\/06\/HOTEL-anatolia-spa-2.jpg\"  alt=\"HOTEL-anatolia-spa (2)\" data-maxdpr=\"1.7\" class=\"lazyload\" \/><meta itemprop=\"url\" content=\"https:\/\/hotelanatolia.com\/wp-content\/uploads\/2025\/06\/HOTEL-anatolia-spa-2.jpg\"><meta itemprop=\"width\" content=\"1080\"><meta itemprop=\"height\" content=\"1350\"><\/noscript><img decoding=\"async\" src=\"data:image\/gif;base64,R0lGODlhAQABAIAAAAAAAP\/\/\/yH5BAEAAAAALAAAAAABAAEAAAIBRAA7\" data-sizes=\"auto\" data-srcset=\"https:\/\/hotelanatolia.com\/wp-content\/uploads\/2025\/06\/HOTEL-anatolia-spa-2.jpg\"   alt=\"HOTEL-anatolia-spa (2)\" data-maxdpr=\"1.7\" class=\"lazyload\" \/><span class=\"fw-after-no-ratio\" style=\"padding-bottom: 125%\"><\/span>\t\t\t\t                                    <div class=\"fw-block-image-overlay\">\n                        <div class=\"fw-itable\">\n                            <div class=\"fw-icell\">\n                                <i class=\"fw-icon-zoom\"><\/i>\n                            <\/div>\n                        <\/div>\n                    <\/div>\n                \t\t\t<\/a>\n            \t\t<\/div>\n\n\t\n\t\t<\/div>\n\t<\/div>\n<\/div><div id=\"column-69f27d1f4a230\" class=\"fw-col-sm-4 tf-sh-0c2f922a4d3ccd87866362b5cf7b10e2  fw-animated-element\" data-animation-type=\"fadeInUp\" data-animation-delay=\"500\">\n\t<div class=\"fw-wrap-col-inner clearfix\"   >\n\t\t\t\t<div class=\"fw-col-inner\">\n\t\t\t\n\t\t\t        \t\t<div class=\"fw-block-image-parent fw-overlay-1 fw-block-image-icon\"  style=\"width: 100%; \">\n            \t\t\t<a class=\"fw-block-image-child fw-noratio fw-ratio-container\" href=\"\/\/hotelanatolia.com\/wp-content\/uploads\/2025\/06\/HOTEL-anatolia-spa-1-2.jpg\" data-rel=\"prettyPhoto\" rel=\"prettyPhoto\">\n\t\t\t\t<noscript itemscope itemtype=\"https:\/\/schema.org\/ImageObject\" itemprop=\"image\"><img decoding=\"async\" src=\"https:\/\/hotelanatolia.com\/wp-content\/uploads\/2025\/06\/HOTEL-anatolia-spa-1-2.jpg\"  alt=\"HOTEL-anatolia-spa-(1)\" data-maxdpr=\"1.7\" class=\"lazyload\" \/><meta itemprop=\"url\" content=\"https:\/\/hotelanatolia.com\/wp-content\/uploads\/2025\/06\/HOTEL-anatolia-spa-1-2.jpg\"><meta itemprop=\"width\" content=\"1080\"><meta itemprop=\"height\" content=\"1350\"><\/noscript><img decoding=\"async\" src=\"data:image\/gif;base64,R0lGODlhAQABAIAAAAAAAP\/\/\/yH5BAEAAAAALAAAAAABAAEAAAIBRAA7\" data-sizes=\"auto\" data-srcset=\"https:\/\/hotelanatolia.com\/wp-content\/uploads\/2025\/06\/HOTEL-anatolia-spa-1-2.jpg\"   alt=\"HOTEL-anatolia-spa-(1)\" data-maxdpr=\"1.7\" class=\"lazyload\" \/><span class=\"fw-after-no-ratio\" style=\"padding-bottom: 125%\"><\/span>\t\t\t\t                                    <div class=\"fw-block-image-overlay\">\n                        <div class=\"fw-itable\">\n                            <div class=\"fw-icell\">\n                                <i class=\"fw-icon-zoom\"><\/i>\n                            <\/div>\n                        <\/div>\n                    <\/div>\n                \t\t\t<\/a>\n            \t\t<\/div>\n\n\t\n\t\t<\/div>\n\t<\/div>\n<\/div><\/div>\n\n<div class=\"fw-row\">\n\t<div id=\"column-69f27d1f4b02b\" class=\"fw-col-sm-12 tf-sh-eb153ccb42cfcfbccbe3ed52bf12adeb\" >\n\t<div class=\"fw-wrap-col-inner clearfix\"   >\n\t\t\t\t<div class=\"fw-col-inner\">\n\t\t\t<div class=\"fw-divider-space  fw-custom-space  fw-mobile-hide-element clearfix\" style=\"height:70px;\" ><\/div>\t\t<\/div>\n\t<\/div>\n<\/div><\/div>\n\n\t<\/div>\n\t<\/section><\/p>","protected":false},"excerpt":{"rendered":"<p>\u015eifa ve Huzurun Yeni Adresi PRIVATE SPA Art\u0131k Hizmetinizde! Ailenizle birlikte \u00f6zel ve konforlu bir spa\/hamam deneyimi ya\u015fay\u0131n.Geleneksel dokunu\u015flar, modern konfor ve benzersiz bir atmosfer sizleri bekliyor!Rezervasyon i\u00e7in: 0536 743 55 08<\/p>","protected":false},"author":1,"featured_media":0,"parent":0,"menu_order":0,"comment_status":"closed","ping_status":"closed","template":"visual-builder-template.php","meta":{"om_disable_all_campaigns":false,"footnotes":""},"class_list":["post-810","page","type-page","status-publish","hentry"],"aioseo_notices":[],"brizy_media":[],"_links":{"self":[{"href":"https:\/\/hotelanatolia.com\/en_us\/wp-json\/wp\/v2\/pages\/810","targetHints":{"allow":["GET"]}}],"collection":[{"href":"https:\/\/hotelanatolia.com\/en_us\/wp-json\/wp\/v2\/pages"}],"about":[{"href":"https:\/\/hotelanatolia.com\/en_us\/wp-json\/wp\/v2\/types\/page"}],"author":[{"embeddable":true,"href":"https:\/\/hotelanatolia.com\/en_us\/wp-json\/wp\/v2\/users\/1"}],"replies":[{"embeddable":true,"href":"https:\/\/hotelanatolia.com\/en_us\/wp-json\/wp\/v2\/comments?post=810"}],"version-history":[{"count":23,"href":"https:\/\/hotelanatolia.com\/en_us\/wp-json\/wp\/v2\/pages\/810\/revisions"}],"predecessor-version":[{"id":2154,"href":"https:\/\/hotelanatolia.com\/en_us\/wp-json\/wp\/v2\/pages\/810\/revisions\/2154"}],"wp:attachment":[{"href":"https:\/\/hotelanatolia.com\/en_us\/wp-json\/wp\/v2\/media?parent=810"}],"curies":[{"name":"wp","href":"https:\/\/api.w.org\/{rel}","templated":true}]}}