{"id":816,"date":"2018-05-15T22:51:35","date_gmt":"2018-05-15T19:51:35","guid":{"rendered":"http:\/\/hotelanatolia.com\/?page_id=816"},"modified":"2023-01-13T16:30:54","modified_gmt":"2023-01-13T13:30:54","slug":"banket","status":"publish","type":"page","link":"https:\/\/hotelanatolia.com\/en_us\/banket\/","title":{"rendered":"BANKET"},"content":{"rendered":"<p><section   class=\"fw-main-row-custom fw-main-row-top fw-section-no-padding  fw-section-image fw-section-height-custom fw-content-vertical-align-middle fw-section-position-back tf-sh-0427b7c6c59618cbd33a2e564bb5cafc\"  style=\" background-image:url(https:\/\/hotelanatolia.com\/wp-content\/uploads\/2021\/10\/ATERAS-dugun-salonu-10.jpg); background-repeat: no-repeat; background-position: center center; background-size: cover; background-color:#000000; height: 560px;\"  >\n\t\t<div class=\"fw-main-row-overlay\" style=\"background-color: #000000; opacity: 0.49;\"><\/div>\t<div class=\"fw-container-fluid\" >\n\t\t<div class=\"fw-row\">\n\t<div id=\"column-69decb8e31f9f\" class=\"fw-col-sm-12 tf-sh-18b8432e0468f1415a3ae419b7822d33  fw-animated-element fw-col-no-padding\" data-animation-type=\"fadeInUp\" data-animation-delay=\"300\">\n\t<div class=\"fw-wrap-col-inner clearfix\"   >\n\t\t\t\t<div class=\"fw-col-inner\">\n\t\t\t<div class=\"fw-heading fw-heading-center  fw-heading-with-subtitle tf-sh-277ab0ddd26e64a702509b6a58d9f9c2\" >\n\t\t\t<h1 class=\"fw-special-title\">T\u00fcm organizasyonlar\u0131n\u0131zda <br> Hotel Anatolia<\/h1>\n\t\n\t\n\t\t\t<div class=\"fw-special-subtitle\">Modern ve ayr\u0131cal\u0131kl\u0131 salonlar\u0131m\u0131z ile her zaman hizmetinizdeyiz.<\/div>\n\t<\/div>\t\t<\/div>\n\t<\/div>\n<\/div><\/div>\n\n\t<\/div>\n\t<\/section><section   class=\"fw-main-row-custom fw-section-no-padding  auto  fw-section-position-back tf-sh-2a24729400113cf7c2ac056d488aacd5\"    >\n\t\t\t<div class=\"fw-container\" >\n\t\t<div class=\"fw-row\">\n\t<div id=\"column-69decb8e32e3e\" class=\"fw-col-sm-12 tf-sh-3577f77f733188f01f6858a5183142de\" >\n\t<div class=\"fw-wrap-col-inner clearfix\"   >\n\t\t\t\t<div class=\"fw-col-inner\">\n\t\t\t<div class=\"fw-divider-space  fw-custom-space  fw-mobile-hide-element clearfix\" style=\"height:140px;\" ><\/div>\t\t<\/div>\n\t<\/div>\n<\/div><\/div>\n\n<div class=\"fw-row\">\n\t<div id=\"column-69decb8e3379b\" class=\"fw-col-sm-6 tf-sh-2640582917a35ea2bf1157b4e533c650  fw-animated-element\" data-animation-type=\"fadeInUp\" data-animation-delay=\"300\">\n\t<div class=\"fw-wrap-col-inner clearfix\"   >\n\t\t\t\t<div class=\"fw-col-inner\">\n\t\t\t<div class=\"fw-text-box tf-sh-78b4e860daee041c1597fa210a9e937b\" >\n\t<div class=\"fw-text-inner\">\n\t\t<p>Hotel Anatolia'n\u0131n geni\u015f ve \u015f\u0131k salonlar\u0131, t\u00fcm organizasyonlar\u0131n\u0131z da size e\u015flik edecek.<\/p>\n\t<\/div>\n<\/div>\t\t<\/div>\n\t<\/div>\n<\/div><div id=\"column-69decb8e33e7c\" class=\"fw-col-sm-6 tf-sh-b931951f8c038257a5db646a6eb35c8b  fw-animated-element\" data-animation-type=\"fadeInUp\" data-animation-delay=\"500\">\n\t<div class=\"fw-wrap-col-inner clearfix\"   >\n\t\t\t\t<div class=\"fw-col-inner\">\n\t\t\t<div class=\"fw-text-box tf-sh-4cee54d4aa7d4a1a17ff1d5912f11293\" >\n\t<div class=\"fw-text-inner\">\n\t\t<p>\u0130ster i\u015f toplant\u0131lar\u0131n\u0131z, isterseniz d\u00fc\u011f\u00fcn organizasyonlar\u0131n\u0131z da Hotel Anatolia'n\u0131n \u00f6zel tasarlanm\u0131\u015f salonlar\u0131 sizleri bekliyor. \u015e\u0131k ve modern yap\u0131s\u0131 sayesinde en \u00f6zel g\u00fcn\u00fcn\u00fcz unutulmaz olacak.<\/p>\n\t<\/div>\n<\/div>\t\t<\/div>\n\t<\/div>\n<\/div><\/div>\n\n<div class=\"fw-row\">\n\t<div id=\"column-69decb8e347d6\" class=\"fw-col-sm-12 tf-sh-7e4898b680939314dc22a9aae3e0f156\" >\n\t<div class=\"fw-wrap-col-inner clearfix\"   >\n\t\t\t\t<div class=\"fw-col-inner\">\n\t\t\t<div class=\"fw-divider-space  fw-custom-space  fw-mobile-hide-element clearfix\" style=\"height:70px;\" ><\/div>\t\t<\/div>\n\t<\/div>\n<\/div><\/div>\n\n<div class=\"fw-row\">\n\t<div id=\"column-69decb8e350db\" class=\"fw-col-sm-12 tf-sh-eb153ccb42cfcfbccbe3ed52bf12adeb\" >\n\t<div class=\"fw-wrap-col-inner clearfix\"   >\n\t\t\t\t<div class=\"fw-col-inner\">\n\t\t\t<div class=\"fw-divider-space  fw-custom-space  fw-mobile-hide-element clearfix\" style=\"height:70px;\" ><\/div>\t\t<\/div>\n\t<\/div>\n<\/div><\/div>\n\n\t<\/div>\n\t<\/section><section   class=\"fw-main-row-custom fw-section-no-padding  auto  fw-section-position-back tf-sh-ab92656868cc9c71ef09e446399b9638\"  style=\" background-color:#e8e8e8;\"  >\n\t\t\t<div class=\"fw-container-fluid\" >\n\t\t<div class=\"fw-row\">\n\t<div id=\"column-69decb8e36062\" class=\"fw-col-sm-12 fw-col-md-6 tf-sh-d998146fd8390b2ca885f1281f8c6e82  fw-col-no-padding\" >\n\t<div class=\"fw-wrap-col-inner clearfix   fw-column-height-custom\" style=\"height: 853px;\"  >\n\t\t\t\t<div class=\"fw-col-inner\">\n\t\t\t\t\t<\/div>\n\t<\/div>\n<\/div><div id=\"column-69decb8e3639f\" class=\"fw-col-sm-12 fw-col-md-6 tf-sh-a63f715448fab47ecece44d1ebb4e6ff\" >\n\t<div class=\"fw-wrap-col-inner clearfix\"   >\n\t\t\t\t<div class=\"fw-col-inner\">\n\t\t\t<div class=\"fw-heading fw-heading-left  fw-heading-with-subtitle tf-sh-ee82a54a7b1eda8ad0fb11d49170ba52\" >\n\t\t\t<h5 class=\"fw-special-title\">01<\/h5>\n\t\n\t\n\t\t\t<div class=\"fw-special-subtitle\">PREST\u0130JDEN \u00d6D\u00dcN VERMEYENLERE<\/div>\n\t<\/div><div class=\"fw-divider-space  fw-custom-space  clearfix\" style=\"height:75px;\" ><\/div><div class=\"fw-heading fw-heading-left  fw-animated-element tf-sh-f0b4244f9a6976183e63cdb9e550e44b\"  data-animation-type=\"fadeInUp\" data-animation-delay=\"300\">\n\t\t\t<h2 class=\"fw-special-title\">\u0130\u015f d\u00fcnyas\u0131na \u00f6zel prestijli salonlar<\/h2>\n\t\n\t\n\t<\/div><div class=\"fw-divider-space  fw-custom-space  clearfix\" style=\"height:20px;\" ><\/div><div class=\"fw-text-box tf-sh-a69564321ae0f14d917305a7366a0191  fw-animated-element\"  data-animation-type=\"fadeInUp\" data-animation-delay=\"500\">\n\t<div class=\"fw-text-inner\">\n\t\t<p>Ba\u015fta otomotiv ve tekstil sekt\u00f6r\u00fc olmakla birlikte bir\u00e7ok sekt\u00f6rde \u00f6nc\u00fc olan Bursa'da, yerli ve yabanc\u0131 i\u015f ortaklar\u0131n\u0131z ile yapaca\u011f\u0131n\u0131z toplant\u0131lar\u0131n\u0131zda t\u00fcm ihtiya\u00e7lar\u0131n\u0131za \u00e7\u00f6z\u00fcm olacak salonlar\u0131m\u0131zla hizmetinizdeyiz.<\/p>\n\t<\/div>\n<\/div><div class=\"fw-divider-space  fw-custom-space  clearfix\" style=\"height:30px;\" ><\/div>\t<a href=\"https:\/\/hotelanatolia.com\/en_us\/konferans-toplanti-salonu\/\" target=\"_self\" class=\"fw-btn tf-sh-98758539799cfe9c0e48c6935cdf853a  fw-btn-md  fw-btn-side-by-side fw-animated-element fw-btn-4\"  data-animation-type=\"fadeInUp\" data-animation-delay=\"700\" style=\"\">\n\t\t<span >\n\t\t\t<strong>TOPLANTI SALONLARI \u0130\u00c7\u0130N TIKLAYINIZ<\/strong><i class=\"pull-right-icon fa fa-angle-right\" style=\"font-size:22px;\"><\/i>\t\t<\/span>\n\t<\/a>\n\t\t<\/div>\n\t<\/div>\n<\/div><\/div>\n\n\t<\/div>\n\t<\/section><section   class=\"fw-main-row-custom fw-section-no-padding  auto  fw-section-position-back tf-sh-8c555205955d832c485f3ac3c2fb1e88\"  style=\" background-color:#ffffff;\"  >\n\t\t\t<div class=\"fw-container-fluid\" >\n\t\t<div class=\"fw-row\">\n\t<div id=\"column-69decb8e38471\" class=\"fw-col-sm-12 fw-col-md-6 tf-sh-c1a44968dff6ed71d37b44e3b06ed56e\" >\n\t<div class=\"fw-wrap-col-inner clearfix\"   >\n\t\t\t\t<div class=\"fw-col-inner\">\n\t\t\t<div class=\"fw-heading fw-heading-right  fw-heading-with-subtitle tf-sh-93fbcec488631c7c3d99461c6324731f\" >\n\t\t\t<h5 class=\"fw-special-title\">02<\/h5>\n\t\n\t\n\t\t\t<div class=\"fw-special-subtitle\">HAYAL ETT\u0130\u011e\u0130N\u0130Z D\u00dc\u011e\u00dcN ORGAN\u0130ZASYONU<\/div>\n\t<\/div><div class=\"fw-divider-space  fw-custom-space  clearfix\" style=\"height:75px;\" ><\/div><div class=\"fw-heading fw-heading-right  fw-animated-element tf-sh-d74e906d7ecfb58741bd6d0e4ed349e0\"  data-animation-type=\"fadeInUp\" data-animation-delay=\"300\">\n\t\t\t<h2 class=\"fw-special-title\">D\u00fc\u011f\u00fcn D\u00fc\u015ft\u00fcr<\/h2>\n\t\n\t\n\t<\/div><div class=\"fw-divider-space  fw-custom-space  clearfix\" style=\"height:20px;\" ><\/div><div class=\"fw-text-box tf-sh-43c99effd8288b3ddd615c46550e1921  fw-animated-element\"  data-animation-type=\"fadeInUp\" data-animation-delay=\"500\">\n\t<div class=\"fw-text-inner\">\n\t\t<p style=\"text-align: right;\">En \u00f6zel ve unutulmaz d\u00fc\u011f\u00fcn organizasyonlar\u0131 i\u00e7in Bursa'n\u0131n vazge\u00e7ilmezleri aras\u0131nda olan Hotel Anatolia, Bursa ve Uluda\u011f manzaral\u0131 salonlar\u0131 ile sizleri bekliyor. Hayal etti\u011finiz o d\u00fc\u011f\u00fcn organizasyonunuzu unutulmaz k\u0131lmak i\u00e7in sizleri de \u015f\u0131k ve modern salonlar\u0131m\u0131za davet ediyoruz.<\/p>\n\t<\/div>\n<\/div><div class=\"fw-divider-space  fw-custom-space  clearfix\" style=\"height:30px;\" ><\/div><div class=\"text-right\">\t<a href=\"http:\/\/hotelanatolia.com\/en_us\/otel-dugun\/\" target=\"_self\" class=\"fw-btn tf-sh-235a1e4bc5df24128809fe8c66ade3d9  fw-btn-md  fw-animated-element fw-btn-4\"  data-animation-type=\"fadeInUp\" data-animation-delay=\"700\" style=\"\">\n\t\t<span >\n\t\t\t<strong>SALONLAR \u0130\u00c7\u0130N TIKLAYINIZ<\/strong><i class=\"pull-right-icon fa fa-angle-right\" style=\"font-size:22px;\"><\/i>\t\t<\/span>\n\t<\/a>\n<\/div>\t\t<\/div>\n\t<\/div>\n<\/div><div id=\"column-69decb8e39e5d\" class=\"fw-col-sm-12 fw-col-md-6 tf-sh-678f6a72983446ec30970bae0d01ac00  fw-col-no-padding\" >\n\t<div class=\"fw-wrap-col-inner clearfix   fw-column-height-custom\" style=\"height: 853px;\"  >\n\t\t\t\t<div class=\"fw-col-inner\">\n\t\t\t\t\t<\/div>\n\t<\/div>\n<\/div><\/div>\n\n\t<\/div>\n\t<\/section><section   class=\"fw-main-row-custom fw-section-no-padding  auto  fw-section-position-back tf-sh-63a0b536492b1d87073b4fde2327356b\"  style=\" background-color:#e8e8e8;\"  >\n\t\t\t<div class=\"fw-container-fluid\" >\n\t\t<div class=\"fw-row\">\n\t<div id=\"column-69decb8e3aa6c\" class=\"fw-col-sm-12 fw-col-md-6 tf-sh-8ba05710c37229630c4324c603165e62  fw-col-no-padding\" >\n\t<div class=\"fw-wrap-col-inner clearfix   fw-column-height-custom\" style=\"height: 853px;\"  >\n\t\t\t\t<div class=\"fw-col-inner\">\n\t\t\t\t\t<\/div>\n\t<\/div>\n<\/div><div id=\"column-69decb8e3ad9b\" class=\"fw-col-sm-12 fw-col-md-6 tf-sh-bf14c0a3bf20c8bf836411ccd2dd5000\" >\n\t<div class=\"fw-wrap-col-inner clearfix\"   >\n\t\t\t\t<div class=\"fw-col-inner\">\n\t\t\t<div class=\"fw-heading fw-heading-left  fw-heading-with-subtitle tf-sh-973d608dae044b7a7fefa8f83789e17b\" >\n\t\t\t<h5 class=\"fw-special-title\">03<\/h5>\n\t\n\t\n\t\t\t<div class=\"fw-special-subtitle\">BA\u011eIMSIZ YAPISIYLA SADECE S\u0130ZE \u00d6ZEL<\/div>\n\t<\/div><div class=\"fw-divider-space  fw-custom-space  clearfix\" style=\"height:75px;\" ><\/div><div class=\"fw-heading fw-heading-left  fw-animated-element tf-sh-498ee35bea210049a2d35305328fc907\"  data-animation-type=\"fadeInUp\" data-animation-delay=\"300\">\n\t\t\t<h2 class=\"fw-special-title\">A1 Meeting Hall<\/h2>\n\t\n\t\n\t<\/div><div class=\"fw-divider-space  fw-custom-space  clearfix\" style=\"height:20px;\" ><\/div><div class=\"fw-text-box tf-sh-7c6ed0fb245b87e0a5461667b51c9b41  fw-animated-element\"  data-animation-type=\"fadeInUp\" data-animation-delay=\"500\">\n\t<div class=\"fw-text-inner\">\n\t\t<p>A1 toplant\u0131 salonumuz, otelden ba\u011f\u0131ms\u0131z giri\u015fi, kendisine ait \u00f6zel bah\u00e7esi, \u00f6zel iklimlendirme altyap\u0131s\u0131 ve tarihi d\u0131\u015f dokusu ile tamam\u0131yla size ayr\u0131lacak \u015fekilde tasarland\u0131. Modern ve geleneksel mimarinin b\u00fct\u00fcnle\u015fti\u011fi A1 salonda toplant\u0131 ve \u00f6zel organizasyonlar\u0131n\u0131z unutulmaz olacak.<\/p>\n\t<\/div>\n<\/div><div class=\"fw-divider-space  fw-custom-space  clearfix\" style=\"height:30px;\" ><\/div>\t<a href=\"http:\/\/hotelanatolia.com\/en_us\/a1-salon\/\" target=\"_self\" class=\"fw-btn tf-sh-b84bd0f4323322e2eb76be9f5196ad6c  fw-btn-md  fw-btn-side-by-side fw-animated-element fw-btn-4\"  data-animation-type=\"fadeInUp\" data-animation-delay=\"700\" style=\"\">\n\t\t<span >\n\t\t\t<strong>SALONU \u0130NCELEMEK \u0130\u00c7\u0130N TIKLAYINIZ<\/strong><i class=\"pull-right-icon fa fa-angle-right\" style=\"font-size:22px;\"><\/i>\t\t<\/span>\n\t<\/a>\n\t\t<\/div>\n\t<\/div>\n<\/div><\/div>\n\n\t<\/div>\n\t<\/section><section   class=\"fw-main-row-custom fw-section-no-padding  auto  fw-section-position-back tf-sh-b32bb9214571688b5b7395e17184cb95\"  style=\" background-color:#ffffff;\"  >\n\t\t\t<div class=\"fw-container-fluid\" >\n\t\t<div class=\"fw-row\">\n\t<div id=\"column-69decb8e3cdca\" class=\"fw-col-sm-12 fw-col-md-6 tf-sh-85232c1fa6ea211791db574b05b96c88\" >\n\t<div class=\"fw-wrap-col-inner clearfix\"   >\n\t\t\t\t<div class=\"fw-col-inner\">\n\t\t\t<div class=\"fw-heading fw-heading-right  fw-heading-with-subtitle tf-sh-1c8aceeb06d92a60a885cfb51b4bb300\" >\n\t\t\t<h5 class=\"fw-special-title\">04<\/h5>\n\t\n\t\n\t\t\t<div class=\"fw-special-subtitle\">BURSA'YA 270 DERECEL\u0130K A\u00c7I \u0130LE BAKIN<\/div>\n\t<\/div><div class=\"fw-divider-space  fw-custom-space  clearfix\" style=\"height:75px;\" ><\/div><div class=\"fw-heading fw-heading-right  fw-animated-element tf-sh-68864013332abe11754d7c3fe9035e0d\"  data-animation-type=\"fadeInUp\" data-animation-delay=\"300\">\n\t\t\t<h2 class=\"fw-special-title\">Panoramik Bursa manzaras\u0131 size b\u00fcy\u00fcleyecek<\/h2>\n\t\n\t\n\t<\/div><div class=\"fw-divider-space  fw-custom-space  clearfix\" style=\"height:20px;\" ><\/div><div class=\"fw-text-box tf-sh-32949eaa3d853d1b2074adc6c7a7b5c0  fw-animated-element\"  data-animation-type=\"fadeInUp\" data-animation-delay=\"500\">\n\t<div class=\"fw-text-inner\">\n\t\t<p style=\"text-align: right;\">Panoramik Bursa ovas\u0131 manzaral\u0131 ATeras, modern altyap\u0131s\u0131 ve farkl\u0131 yerle\u015fim plan\u0131 alternatifleri ile yapaca\u011f\u0131n\u0131z t\u00fcm toplant\u0131 ve organizasyonlar\u0131 keyifli k\u0131l\u0131yor. \u00d6zel panoramik cam asans\u00f6r\u00fc, g\u00f6rkemli fuaye alan\u0131 ve ferah yap\u0131s\u0131n\u0131n yan\u0131nda cam tavan\u0131 salona g\u00fcn\u00fcn her saati ayr\u0131 bir g\u00fczellik kat\u0131yor.<\/p>\n\t<\/div>\n<\/div><div class=\"fw-divider-space  fw-custom-space  clearfix\" style=\"height:30px;\" ><\/div><div class=\"text-right\">\t<a href=\"http:\/\/hotelanatolia.com\/en_us\/ateras\/\" target=\"_self\" class=\"fw-btn tf-sh-a384e3b8867fa0ee18b542c76f06cae6  fw-btn-md  fw-animated-element fw-btn-4\"  data-animation-type=\"fadeInUp\" data-animation-delay=\"700\" style=\"\">\n\t\t<span >\n\t\t\t<strong>SALONU \u0130NCELEMEK \u0130\u00c7\u0130N TIKLAYINIZ<\/strong><i class=\"pull-right-icon fa fa-angle-right\" style=\"font-size:22px;\"><\/i>\t\t<\/span>\n\t<\/a>\n<\/div>\t\t<\/div>\n\t<\/div>\n<\/div><div id=\"column-69decb8e3e5dc\" class=\"fw-col-sm-12 fw-col-md-6 tf-sh-5ec962c84fb8ad416557a6a2eba9afc3  fw-col-no-padding\" >\n\t<div class=\"fw-wrap-col-inner clearfix   fw-column-height-custom\" style=\"height: 853px;\"  >\n\t\t\t\t<div class=\"fw-col-inner\">\n\t\t\t\t\t<\/div>\n\t<\/div>\n<\/div><\/div>\n\n\t<\/div>\n\t<\/section><\/p>","protected":false},"excerpt":{"rendered":"<p>T\u00fcm organizasyonlar\u0131n\u0131zda Hotel Anatolia Modern ve ayr\u0131cal\u0131kl\u0131 salonlar\u0131m\u0131z ile her zaman hizmetinizdeyiz. Hotel Anatolia&#8217;n\u0131n geni\u015f ve \u015f\u0131k salonlar\u0131, t\u00fcm organizasyonlar\u0131n\u0131z da size e\u015flik edecek. \u0130ster i\u015f toplant\u0131lar\u0131n\u0131z, isterseniz d\u00fc\u011f\u00fcn organizasyonlar\u0131n\u0131z da Hotel Anatolia&#8217;n\u0131n \u00f6zel tasarlanm\u0131\u015f salonlar\u0131 sizleri bekliyor. \u015e\u0131k ve modern yap\u0131s\u0131 sayesinde en \u00f6zel g\u00fcn\u00fcn\u00fcz unutulmaz olacak. 01 PREST\u0130JDEN \u00d6D\u00dcN VERMEYENLERE \u0130\u015f d\u00fcnyas\u0131na \u00f6zel [&hellip;]<\/p>\n","protected":false},"author":1,"featured_media":0,"parent":0,"menu_order":0,"comment_status":"closed","ping_status":"closed","template":"visual-builder-template.php","meta":{"om_disable_all_campaigns":false,"footnotes":""},"class_list":["post-816","page","type-page","status-publish","hentry"],"aioseo_notices":[],"brizy_media":[],"_links":{"self":[{"href":"https:\/\/hotelanatolia.com\/en_us\/wp-json\/wp\/v2\/pages\/816","targetHints":{"allow":["GET"]}}],"collection":[{"href":"https:\/\/hotelanatolia.com\/en_us\/wp-json\/wp\/v2\/pages"}],"about":[{"href":"https:\/\/hotelanatolia.com\/en_us\/wp-json\/wp\/v2\/types\/page"}],"author":[{"embeddable":true,"href":"https:\/\/hotelanatolia.com\/en_us\/wp-json\/wp\/v2\/users\/1"}],"replies":[{"embeddable":true,"href":"https:\/\/hotelanatolia.com\/en_us\/wp-json\/wp\/v2\/comments?post=816"}],"version-history":[{"count":0,"href":"https:\/\/hotelanatolia.com\/en_us\/wp-json\/wp\/v2\/pages\/816\/revisions"}],"wp:attachment":[{"href":"https:\/\/hotelanatolia.com\/en_us\/wp-json\/wp\/v2\/media?parent=816"}],"curies":[{"name":"wp","href":"https:\/\/api.w.org\/{rel}","templated":true}]}}